{"id":1072,"date":"2018-08-29T22:07:07","date_gmt":"2018-08-30T01:07:07","guid":{"rendered":"https:\/\/isfd101-bue.infd.edu.ar\/sitio\/el-instituto\/"},"modified":"2019-10-25T11:46:57","modified_gmt":"2019-10-25T14:46:57","slug":"el-instituto","status":"publish","type":"page","link":"https:\/\/isfd101-bue.infd.edu.ar\/sitio\/el-instituto\/","title":{"rendered":"EL INSTITUTO"},"content":{"rendered":"<p>&nbsp;<\/p>\n<p><span style=\"color: #000000;\"><strong><span style=\"font-family: verdana,geneva; font-size: 14pt;\"><a title=\"Datos institucionales\" href=\"index.cgi?wid_item=2&amp;wid_seccion=1\" target=\"_blank\" rel=\"noopener\"><span style=\"color: #000000;\"><img decoding=\"async\" src=\"https:\/\/isfd101-bue.infd.edu.ar\/sitio\/wp-content\/uploads\/2018\/08\/iecTf8PodMv0U.png\" border=\"0\" \/>\u00a0<\/span><\/a><\/span><\/strong><span style=\"color: #808080;\"><em><span style=\"font-family: verdana,geneva; font-size: 14pt;\"><a style=\"color: #808080;\" title=\"Datos institucionales\" href=\"index.cgi?wid_item=2&amp;wid_seccion=1\" target=\"_blank\" rel=\"noopener\">Datos Institucionales<\/a><\/span><\/em><\/span><\/span><\/p>\n<p><span style=\"color: #808080;\"><strong><span style=\"font-family: verdana,geneva; font-size: 14pt;\"><img decoding=\"async\" src=\"https:\/\/isfd101-bue.infd.edu.ar\/sitio\/wp-content\/uploads\/2018\/08\/iecTf8PodMv0U.png\" border=\"0\" \/>\u00a0<\/span><\/strong><em><span style=\"font-family: verdana,geneva; font-size: 14pt;\"><a style=\"color: #808080;\" title=\"Ubicaci\u00f3n\" href=\"index.cgi?wid_item=12&amp;wid_seccion=1\" target=\"_blank\" rel=\"noopener\">Ubicaci\u00f3n<\/a><\/span><\/em><\/span><\/p>\n<p><span style=\"color: #808080;\"><strong><span style=\"font-family: verdana,geneva; font-size: 14pt;\"><a style=\"color: #808080;\" title=\"Historia\" href=\"index.cgi?wid_item=9&amp;wid_seccion=1\" target=\"_blank\" rel=\"noopener\"><img decoding=\"async\" src=\"https:\/\/isfd101-bue.infd.edu.ar\/sitio\/wp-content\/uploads\/2018\/08\/iecTf8PodMv0U.png\" border=\"0\" \/>\u00a0<\/a><\/span><\/strong><em><span style=\"font-family: verdana,geneva; font-size: 14pt;\"><a style=\"color: #808080;\" title=\"Historia\" href=\"index.cgi?wid_item=9&amp;wid_seccion=1\" target=\"_blank\" rel=\"noopener\">Historia<\/a><\/span><\/em><\/span><\/p>\n<p><span style=\"color: #808080;\"><strong><span style=\"font-family: verdana,geneva; font-size: 14pt;\"><a style=\"color: #808080;\" title=\"Autoridades\" href=\"index.cgi?wid_item=8&amp;wid_seccion=1\" target=\"_blank\" rel=\"noopener\"><img decoding=\"async\" src=\"https:\/\/isfd101-bue.infd.edu.ar\/sitio\/wp-content\/uploads\/2018\/08\/iecTf8PodMv0U.png\" border=\"0\" \/>\u00a0<\/a><\/span><\/strong><em><span style=\"font-family: verdana,geneva; font-size: 14pt;\"><a style=\"color: #808080;\" title=\"Autoridades\" href=\"index.cgi?wid_item=8&amp;wid_seccion=1\" target=\"_blank\" rel=\"noopener\">Autoridades<\/a><\/span><\/em><\/span><\/p>\n<p><span style=\"color: #808080;\"><strong><span style=\"font-family: verdana,geneva; font-size: 14pt;\"><a style=\"color: #808080;\" title=\"Docentes\" href=\"index.cgi?wid_item=3&amp;wid_seccion=1\" target=\"_blank\" rel=\"noopener\"><img decoding=\"async\" src=\"https:\/\/isfd101-bue.infd.edu.ar\/sitio\/wp-content\/uploads\/2018\/08\/iecTf8PodMv0U.png\" border=\"0\" \/>\u00a0<\/a><\/span><\/strong><em><span style=\"font-family: verdana,geneva; font-size: 14pt;\"><a style=\"color: #808080;\" title=\"Docentes\" href=\"index.cgi?wid_item=3&amp;wid_seccion=1\" target=\"_blank\" rel=\"noopener\">Docentes<\/a><\/span><\/em><\/span><\/p>\n<p>&nbsp;<\/p>\n<p><span style=\"color: #333333;\">En 2019 se inauguro el nuevo edificio del ISFD n\u00b0101, el mismo esta ubicado\u00a0dentro de un complejo de infraestructura deportiva municipal de alto rendimiento deportivo. En sus inmediaciones, a pocos metros, dispone de una pista de tartan de atletismo, canchas de f\u00fatbol y hockey de c\u00e9sped sint\u00e9tico y una pileta Ol\u00edmpica pertenecientes al DAR.<\/span><\/p>\n<p><img decoding=\"async\" loading=\"lazy\" class=\"alignnone wp-image-1427 aligncenter\" src=\"https:\/\/isfd101-bue.infd.edu.ar\/sitio\/wp-content\/uploads\/2019\/10\/a86be6db-aa88-4f7c-85e2-8727c3d7d15a-678x381-1.jpg\" alt=\"\" width=\"582\" height=\"327\" \/><\/p>\n<p><img decoding=\"async\" loading=\"lazy\" class=\"alignnone wp-image-1392 aligncenter\" src=\"https:\/\/isfd101-bue.infd.edu.ar\/sitio\/wp-content\/uploads\/2019\/09\/nueva-imagen-1000x805.jpg\" alt=\"\" width=\"585\" height=\"471\" srcset=\"https:\/\/isfd101-bue.infd.edu.ar\/sitio\/wp-content\/uploads\/2019\/09\/nueva-imagen-1000x805.jpg 1000w, https:\/\/isfd101-bue.infd.edu.ar\/sitio\/wp-content\/uploads\/2019\/09\/nueva-imagen-768x618.jpg 768w, https:\/\/isfd101-bue.infd.edu.ar\/sitio\/wp-content\/uploads\/2019\/09\/nueva-imagen.jpg 1013w\" sizes=\"(max-width: 585px) 100vw, 585px\" \/><\/p>\n<p><img decoding=\"async\" loading=\"lazy\" class=\"alignnone wp-image-1455 aligncenter\" src=\"https:\/\/isfd101-bue.infd.edu.ar\/sitio\/wp-content\/uploads\/2019\/10\/60151737_1942001959239298_2240897387096702976_n.jpg\" alt=\"\" width=\"587\" height=\"440\" \/><\/p>\n<p><img decoding=\"async\" loading=\"lazy\" class=\"alignnone wp-image-1456 aligncenter\" src=\"https:\/\/isfd101-bue.infd.edu.ar\/sitio\/wp-content\/uploads\/2019\/10\/60938910_2849041705320042_8313467362472886272_n.jpg\" alt=\"\" width=\"587\" height=\"440\" \/><\/p>\n<p><img decoding=\"async\" loading=\"lazy\" class=\"alignnone wp-image-1457 aligncenter\" src=\"https:\/\/isfd101-bue.infd.edu.ar\/sitio\/wp-content\/uploads\/2019\/10\/61063308_2849041698653376_1492952459113398272_n.jpg\" alt=\"\" width=\"584\" height=\"438\" \/><\/p>\n<p><img decoding=\"async\" loading=\"lazy\" class=\"alignnone wp-image-1458 aligncenter\" src=\"https:\/\/isfd101-bue.infd.edu.ar\/sitio\/wp-content\/uploads\/2019\/10\/61354449_2849041945320018_2890625926373048320_n.jpg\" alt=\"\" width=\"584\" height=\"438\" \/><\/p>\n<p><img decoding=\"async\" loading=\"lazy\" class=\"alignnone wp-image-1459 aligncenter\" src=\"https:\/\/isfd101-bue.infd.edu.ar\/sitio\/wp-content\/uploads\/2019\/10\/71709725_2955519454672266_6283824397165789184_n.jpg\" alt=\"\" width=\"588\" height=\"441\" srcset=\"https:\/\/isfd101-bue.infd.edu.ar\/sitio\/wp-content\/uploads\/2019\/10\/71709725_2955519454672266_6283824397165789184_n.jpg 960w, https:\/\/isfd101-bue.infd.edu.ar\/sitio\/wp-content\/uploads\/2019\/10\/71709725_2955519454672266_6283824397165789184_n-768x576.jpg 768w\" sizes=\"(max-width: 588px) 100vw, 588px\" \/><\/p>\n<p><img decoding=\"async\" loading=\"lazy\" class=\"alignnone wp-image-1460 aligncenter\" src=\"https:\/\/isfd101-bue.infd.edu.ar\/sitio\/wp-content\/uploads\/2019\/10\/72602803_2976397419251136_7230203325394714624_n.jpg\" alt=\"\" width=\"586\" height=\"440\" srcset=\"https:\/\/isfd101-bue.infd.edu.ar\/sitio\/wp-content\/uploads\/2019\/10\/72602803_2976397419251136_7230203325394714624_n.jpg 960w, https:\/\/isfd101-bue.infd.edu.ar\/sitio\/wp-content\/uploads\/2019\/10\/72602803_2976397419251136_7230203325394714624_n-768x576.jpg 768w\" sizes=\"(max-width: 586px) 100vw, 586px\" \/><\/p>\n<p><img decoding=\"async\" loading=\"lazy\" class=\"alignnone wp-image-1461 aligncenter\" src=\"https:\/\/isfd101-bue.infd.edu.ar\/sitio\/wp-content\/uploads\/2019\/10\/73138142_2976397499251128_374122716980051968_n.jpg\" alt=\"\" width=\"589\" height=\"442\" srcset=\"https:\/\/isfd101-bue.infd.edu.ar\/sitio\/wp-content\/uploads\/2019\/10\/73138142_2976397499251128_374122716980051968_n.jpg 960w, https:\/\/isfd101-bue.infd.edu.ar\/sitio\/wp-content\/uploads\/2019\/10\/73138142_2976397499251128_374122716980051968_n-768x576.jpg 768w\" sizes=\"(max-width: 589px) 100vw, 589px\" \/><\/p>\n<p><img decoding=\"async\" loading=\"lazy\" class=\"alignnone wp-image-1462 aligncenter\" src=\"https:\/\/isfd101-bue.infd.edu.ar\/sitio\/wp-content\/uploads\/2019\/10\/73296311_2976397522584459_1928405359165177856_n.jpg\" alt=\"\" width=\"586\" height=\"440\" srcset=\"https:\/\/isfd101-bue.infd.edu.ar\/sitio\/wp-content\/uploads\/2019\/10\/73296311_2976397522584459_1928405359165177856_n.jpg 960w, https:\/\/isfd101-bue.infd.edu.ar\/sitio\/wp-content\/uploads\/2019\/10\/73296311_2976397522584459_1928405359165177856_n-768x576.jpg 768w\" sizes=\"(max-width: 586px) 100vw, 586px\" \/><\/p>\n<p><img decoding=\"async\" loading=\"lazy\" class=\"alignnone wp-image-1463 aligncenter\" src=\"https:\/\/isfd101-bue.infd.edu.ar\/sitio\/wp-content\/uploads\/2019\/10\/73515688_2976397382584473_2154059169915731968_n.jpg\" alt=\"\" width=\"587\" height=\"441\" srcset=\"https:\/\/isfd101-bue.infd.edu.ar\/sitio\/wp-content\/uploads\/2019\/10\/73515688_2976397382584473_2154059169915731968_n.jpg 960w, https:\/\/isfd101-bue.infd.edu.ar\/sitio\/wp-content\/uploads\/2019\/10\/73515688_2976397382584473_2154059169915731968_n-768x576.jpg 768w\" sizes=\"(max-width: 587px) 100vw, 587px\" \/><\/p>\n","protected":false},"excerpt":{"rendered":"<p>&nbsp; \u00a0Datos Institucionales \u00a0Ubicaci\u00f3n \u00a0Historia \u00a0Autoridades \u00a0Docentes &nbsp; En 2019 se inauguro el nuevo edificio del ISFD n\u00b0101, el mismo esta ubicado\u00a0dentro de un complejo de infraestructura deportiva municipal de alto rendimiento deportivo. En sus inmediaciones, a pocos metros, dispone de una pista de tartan de atletismo, canchas de f\u00fatbol y hockey de c\u00e9sped sint\u00e9tico &#8230; <a title=\"EL INSTITUTO\" class=\"read-more\" href=\"https:\/\/isfd101-bue.infd.edu.ar\/sitio\/el-instituto\/\" aria-label=\"More on EL INSTITUTO\">[+]<\/a><\/p>\n","protected":false},"author":2152,"featured_media":0,"parent":0,"menu_order":0,"comment_status":"closed","ping_status":"closed","template":"","meta":[],"acf":[],"_links":{"self":[{"href":"https:\/\/isfd101-bue.infd.edu.ar\/sitio\/wp-json\/wp\/v2\/pages\/1072"}],"collection":[{"href":"https:\/\/isfd101-bue.infd.edu.ar\/sitio\/wp-json\/wp\/v2\/pages"}],"about":[{"href":"https:\/\/isfd101-bue.infd.edu.ar\/sitio\/wp-json\/wp\/v2\/types\/page"}],"author":[{"embeddable":true,"href":"https:\/\/isfd101-bue.infd.edu.ar\/sitio\/wp-json\/wp\/v2\/users\/2152"}],"replies":[{"embeddable":true,"href":"https:\/\/isfd101-bue.infd.edu.ar\/sitio\/wp-json\/wp\/v2\/comments?post=1072"}],"version-history":[{"count":6,"href":"https:\/\/isfd101-bue.infd.edu.ar\/sitio\/wp-json\/wp\/v2\/pages\/1072\/revisions"}],"predecessor-version":[{"id":1467,"href":"https:\/\/isfd101-bue.infd.edu.ar\/sitio\/wp-json\/wp\/v2\/pages\/1072\/revisions\/1467"}],"wp:attachment":[{"href":"https:\/\/isfd101-bue.infd.edu.ar\/sitio\/wp-json\/wp\/v2\/media?parent=1072"}],"curies":[{"name":"wp","href":"https:\/\/api.w.org\/{rel}","templated":true}]}}