{"id":1079,"date":"2018-08-29T22:07:10","date_gmt":"2018-08-30T01:07:10","guid":{"rendered":"https:\/\/isfd101-bue.infd.edu.ar\/sitio\/biblioteca\/"},"modified":"2026-05-06T10:44:13","modified_gmt":"2026-05-06T13:44:13","slug":"biblioteca","status":"publish","type":"page","link":"https:\/\/isfd101-bue.infd.edu.ar\/sitio\/biblioteca\/","title":{"rendered":"BIBLIOTECA"},"content":{"rendered":"\n<p class=\"has-text-align-center\"><strong>H\u00c1BITOS DE ESTUDIO<\/strong><\/p>\n\n\n\n<p class=\"has-text-align-left\">Los h\u00e1bitos de estudio son conductas y rutinas regulares, como organizar el tiempo, repasar activamente y crear un<br>ambiente adecuado, que permiten mejorar el aprendizaje y aumentar su rendimiento acad\u00e9mico.<br><\/p>\n\n\n\n<p class=\"has-text-align-left\"><strong>BENEFICIOS DE ESTABLECER H\u00c1BITOS DE ESTUDIO<\/strong><br>* Mayor rendimiento acad\u00e9mico<br>* Ayuda a comprender mejor los temas, finalizar tareas a tiempo y obtener mejores calificaciones.<br>* Reducci\u00f3n del estr\u00e9s y la ansiedad<br>* Al planificar y evitar la procrastinaci\u00f3n, la carga de trabajo se vuelve manejable, disminuyendo el agobio.<br>* Gesti\u00f3n eficiente del tiempo<br>* Desarrolla la capacidad de organizar las tareas, priorizar obligaciones y equilibrar estudio, descanso y ocio.<br>* Fomento de la autonom\u00eda y responsabilidad<br>* Desarrolla la disciplina personal y la capacidad de aprender de manera independiente, habilidades valiosas para la vida<br>profesional.<\/p>\n\n\n\n<p class=\"has-text-align-left\"><br><strong>PASOS PARA GENERAR H\u00c1BITOS<\/strong><br>* Establecer un horario fijo<br>* Repasar diariamente fomenta el ritmo y la constancia.<br>* Organizar el entorno<br>* Crear un espacio ordenado y libre de distracciones ayuda a iniciar la tarea.<br>* Dividir tareas<br>* Fragmentar los trabajos grandes en partes peque\u00f1as manejables para reducir el agobio.<br>* Incluir descansos<br>* Tomar breves pausas mejora la concentraci\u00f3n y la memoria.<\/p>\n\n\n\n<hr class=\"wp-block-separator has-alpha-channel-opacity\"\/>\n\n\n\n<p class=\"has-text-align-center\"><strong>Pol\u00edtica de donaciones<\/strong><\/p>\n\n\n\n<p class=\"has-text-align-left\">La biblioteca del ISFD 101 mantiene abierta la recepci\u00f3n de donaciones de materiales<br>educativos.<br>La pol\u00edtica de donaciones establece criterios de aceptaci\u00f3n de material.<br><strong>Normas de aceptaci\u00f3n de donaciones:<\/strong> <\/p>\n\n\n\n<p class=\"has-text-align-left\">&#8211; Las tem\u00e1ticas de inter\u00e9s deben corresponderse con los campos en que se inscribe el<br>fondo documental existente: Educaci\u00f3n F\u00edsica, deportes y educaci\u00f3n. <\/p>\n\n\n\n<p class=\"has-text-align-left\">&#8211; Solo se aceptan libros que se encuentren en buen estado de conservaci\u00f3n (sin roturas o faltante de hojas, sin humedad o suciedad, sin hojas amarillas, etc.). <\/p>\n\n\n\n<p class=\"has-text-align-left\">&#8211; La valora la obra, teniendo en cuenta: la autoridad en la materia por parte del autor, editor, la actualidad y vigencia de su contenido, su estado de conservaci\u00f3n.<br><\/p>\n\n\n\n<p class=\"has-text-align-left\"><strong>No se recibe:<\/strong> <\/p>\n\n\n\n<p class=\"has-text-align-left\">&#8211; Material en mal estado de conservaci\u00f3n, deterioradas por hongos, insectos, humedad, etc\u00e9tera.<\/p>\n\n\n\n<p class=\"has-text-align-left\"> &#8211; Material excesivamente intervenido (subrayado, anotado con tintas indelebles, con tachaduras). <\/p>\n\n\n\n<p class=\"has-text-align-left\">&#8211; Libros con p\u00e1ginas faltantes o incompletas, partes desprendidas (lomo, cubiertas). &#8211; La biblioteca se reserva, luego de la evaluaci\u00f3n del material, el derecho de aceptar o rechazar dicha donaci\u00f3n. <\/p>\n\n\n\n<p class=\"has-text-align-left\">&#8211; Por regla general no se aceptan documentos duplicados que ya se encuentren en las<br>colecciones de la instituci\u00f3n, con la excepci\u00f3n de aquellos de gran demanda.<br><\/p>\n\n\n\n<p class=\"has-text-align-left\"><strong>C\u00f3mo hacer una donaci\u00f3n:<\/strong><br>Para realizar una donaci\u00f3n puede enviarnos un mail a bibliotecaisfd101@gmail.com describiendo el material bibliogr\u00e1fico a donar: autor, t\u00edtulo, editorial, n\u00famero de edici\u00f3n, fecha de publicaci\u00f3n y n\u00famero de volumen.<\/p>\n\n\n<p style=\"text-align: center;\">\u00a0<\/p>\n<table style=\"width: 100%;\" border=\"0\">\n<tbody>\n<tr>\n<th class=\"Resaltado1\">\n<h2 style=\"margin-top: 0px; margin-bottom: 0px; padding-bottom: 0px; text-align: center;\"><span style=\"font-family: 'book antiqua', palatino; font-size: 18pt;\">BIBLIOTECA I.S.F.D N\u00b0101<\/span><\/h2>\n<\/th>\n<\/tr>\n<tr class=\"Borde_punteado\" align=\"center\">\n<td style=\"text-align: center;\"><span style=\"font-family: 'comic sans ms', sans-serif; font-size: 18pt; color: #808080;\">Biblioteca especializada en Educaci\u00f3n F\u00edsica<\/span><\/td>\n<\/tr>\n<tr>\n<td style=\"text-align: center;\">\n<p><span style=\"font-family: 'book antiqua', palatino; font-size: 14pt; color: #808080;\">\u00a0Cantidad de vol\u00famenes: 2000<\/span><\/p>\n<h4><strong><a href=\"https:\/\/isfd101-bue.infd.edu.ar\/sitio\/wp-content\/uploads\/2024\/04\/PROYECTO-ANUAL-DE-BIBLIOTECA-2024.pdf\" target=\"_blank\" rel=\"noopener\">PROYECTO ANUAL<\/a><\/strong><\/h4>\n<\/td>\n<\/tr>\n<tr class=\"Resaltado1\">\n<th class=\"Borde_punteado\" scope=\"row\" align=\"center\" valign=\"middle\">\n<h3 style=\"margin-top: 0px; margin-bottom: 0px; padding-bottom: 0px;\">\u00a0<\/h3>\n<h3 style=\"margin-top: 0px; margin-bottom: 0px; padding-bottom: 0px;\">\u00a0<\/h3>\n<h3 style=\"margin-top: 0px; margin-bottom: 0px; padding-bottom: 0px;\"><span style=\"color: #808080; font-family: 'book antiqua', palatino; font-size: 18pt;\">SERVICIOS: \u00a0 \u00a0<img decoding=\"async\" loading=\"lazy\" style=\"vertical-align: middle;\" src=\"data:image\/jpeg;base64,\/9j\/4AAQSkZJRgABAQAAAQABAAD\/2wCEAAkGBhQSEBUQEhMUFRUUGBoYGBUXGB4ZHxwXFxUVGRUfGBkXHCgfGBwvGRYVHy8gIykrLDgsHh4xNTAqNSYsLjUBCQoKDgwOGg8PGikkHyQpLy4pLSw1NTUvLik1LC80LDM0MTQ1KTUpLCouNSopLC01KSw1KTU1LCwsLCwsKSksKf\/AABEIAGAAdAMBIgACEQEDEQH\/xAAbAAACAwEBAQAAAAAAAAAAAAAABQEEBgIDB\/\/EAEAQAAIBAwIDBgQEAgUNAAAAAAECAwAEERIhBTFBBhMiUXGBB1JhkRQyQqEjclNissHCFRYkM0OCkqKx0eHw8f\/EABkBAAMBAQEAAAAAAAAAAAAAAAABBAMCBf\/EAC4RAAEDAgQDCAIDAQAAAAAAAAEAAhEDIQQSMUFRcaETImGBkdHh8LHBIzLxFP\/aAAwDAQACEQMRAD8A+40UUUIRRRXn3w1aMjVjOOuM4zQhd5qGbG5pNfX0sCsoXWWB7knq3yMTtq+U9eXOlidnLi48VxKVB30Df9vyj96mrVnsIaxpceiopUmuEvcAOvon8vG4FODKgPr\/ANqiPjsDbCZPvil8XYi3A3Dt6uR\/ZxUTdhbYjbvF+okb\/oxIrKcXwb1WkYXi70CfK4IyCCPpXQrGy9lrm3Ou1m14\/Q3hPsR4G9wPWrfBu2GWMNypjkGAdQ079NQ6fRh4T5024ktOWq3L47eqRw4cM1I5vz6LUUVAapq1SIooooQiiiihCKKKKELl2wM4z9BS5pIrjwZKuu4H5ZEPmOvvuOlW7uV1AKJr8xqCnH0zsfuKW3l5E4xcRSJjcMyHY+YkjzpP1yK5JTAUT3GkGG7AKNsJuSnyD\/0b55NyzyxyqzZ3LI4glOTv3ch\/Wo6H+uBzHUbjqBUidip7mVLqMjBRmGrGNwHGzejj3qizqP4QD6ef4d\/DJGR+q3Y7Nj5QT9D0JKcLVCppBN2pitoBLdyqgOytggyDAwRH+YHzXGxz0xVbgvxGsrqQRRzYc8ldSmf5dWxP0ozN0ldihUc3OGmOK0+KV8c4BHcphvC6\/kkHNT\/iXzU7H96aUYocwOGVwkLNri05m6rKdmuLPHIbO42ddlPQ+WCeakbr9uYrWVnO1\/DNUYuE\/PDvkdUzv9jhh6Hzprwi\/wC+hSTqRv6jY\/vUlAmm80Dpq3lw8lVWAe0VhyPP5V6ioFTVqkRRRRQhFFFQaEKped9kd13WMb69Wc\/TT7VX13XyW5\/33H+Cva8glYju5Qi438Go536k4G2OlLOIwRwpruryRV82kEY9tABPtWLidgVqwA2\/S4vbV28Ulrbk\/MJdJ\/4tAP70qkmBZYiwwzAaDcJMNyOSuCw9QQazvGviLw6LIgtzct88hOn7vkn2FZ2PtDxO\/wAx2sZRDsVt07tQP60n\/mpnOM2P79l6tPAPIzP7o8be6u3nDzxXjstvJIVji1KMcxHEQMLnbJJzn1q18Q\/hpBZ234u2Z10MoZXbVnUwUFTzDBivtnlim3YT4aS2lyl5dTIHGrEanOWdSDqY89idhnetb237Mi+tvw\/e902oMp5gsoOxGRkbnl1weldhktJdqtKmMFOvTbTf3GgAxp48132E4o1xw+3mkOXKYY+ZViuffTn3p\/mvh\/8Am9xjhZLQFnjH9Ee8XG\/OJtx7CnHBPjaM6LyEqRsXj6fzRtuPvWjasWfZTVsCahL6BDgdhqPJfVpEDAg8iMH0POs52OynfQH\/AGb\/AN5U\/wBmmHBu1FtdDMEyP\/Vzhh6qdxVDs+wN5dY6MAfXLc6yrH+Wm4cSOimptLadRjhFgb81pBU1AqatUaKKKKEIqDU1BoQsl8SuI3cNoGslYuXCsyLqZVIO4G\/XAzjrXzew+GXELxu+unMQO5eZi74\/kzt7kV90pV2kuikBVQS0ngUDnvzx9dOamrtABe7bZelhMZUpjs6YEk67rMdmPhdYIqy73J+aT8uR5INvvmtzFCqqFVQqjkAMAegFYm14gY4pYQHhBlTAYYZUkOD+4O\/1q3JbqsiWwu5DHIWYnWMghVwocdN81NTxQDf6332v5p16b6rpe8nhN7ap5xvgaXKqGZ1KnKshwQSMHY7H0NUuGdlu7dZJZXldPyk7AdBt6fWkV+8mruI5Xk7tAVfvVQ7knUScB9xp9q7mu5TOjSNJjMeGikUgEquVdOuTnf67Gsn1qTn5nMuDr96IZSqNbla+x2+6StzSnjfZO1ux\/pECOfmxhh6Ou\/70js521Q3KzsXklKvFnK4JbIC9MYFM+1snhjjBfU7HAVwmcLvlj61V\/wBILHOI0+hT9g5tRoB13\/KwfG\/g8qSr+DuWSRslEkz+kb4lTdefUGmvYVOKw3f4e7TVCVJMp0tuo8GJBux5DDZOPSnPA5WLWutizKZkyTnYAY3HP1rXYow5bV74t\/gVGIxFRreyqQ62p11OhQKmoqatXmIooooQsDxTit7eXstnYyrBHbYEs5XUTIwzpUfQenXerXDeJ3NhFO\/FZkeNCvdSqN31asrpAzqyBtj3pTwLtFDYcS4hb3bCIzTd\/G7cmRl8\/wD3r5V4drO19tcta3CkvbW16qyuV8JJiypx1UE9RU87zdVZZIbFuK1XZ74gWt53ixl1eNS7I66W0jmQOo5Uqh+J\/Dp5oF\/iaiRodkICO4wAxzscH6jelvEOLQ3XE2mtWV1t7KbvZV5EsG0LnrjOf\/lVb+BV7O2IwAWktj5bl+frikXk8ExTaDob9Fou1va\/h9vMY7hDLIUCyBE16YydQ174G+\/ny5V1xDinDIrGOdgrQSNmMKGLM+MeHfUGAyDuMdaU8J4\/bWfEOJreOsbvIHUuPzxd2MBfP0rO8ImS3HDLq4XRbGa7ZcjZO8bMJPsMj79KToJ0C6a21p97J3xXtLa3NqklpGqtDcQwsJYyCqysSV255xn7+dMuN9rOGWl06yRN38RQHShP6FKnnpOFKjPPkKp9su0FrdQA2zq5S7tVkdRjOS5UaseLAz6VesY1a+4xkAnQg5DkbfcelclomwHpzQCYvPryRw7tnwtr4JEP4sp2l0EIXYAkbnAbfBOOfXNe0XFElk4gL5o2hs5lKHBUopjB5jBJ3I+vLlWa7tf8i8JYAZ\/EwHOBzLuDv\/fXj2mhZl41oBOie2kYDfwKqFtuuAM+1PaIF\/ZPLJ1PDqtX2Z7W8PuJ1ghjaORdTxB0KatQw5TffbfHrUD4vWGtULSjUcFjGQFOSPF5ee2dqzHB2hku7KR+MNcuJB3UPcgEFlIIJDeAYGPavaygU9nL0YGzz5O3NJcg+optJA7sLlzGk3lOOI\/ExLficsExbuERVAWPJ74kE7jcroYe9MeM\/E+ztpzbu0hZCA7IhZUJ6MfPzxSQ8aituJ2088gjjk4eo1tyJDA4z7j9qr9n+P2lsOI2946qzTSSYYf62KVdUen5tm2H19aec8Uuzbw2X020ulkRZEYMjgMrDkQRkEVNZn4XRsvCbYPkeEkA\/KXYp\/y4oqhpkSpnCCQrHaKGCWaGCe07\/XnS5j1Bfmy36eWcV68ZigtrXu\/wokhYhTDHGGG\/LKAeYAz6U9xRiuCw3v8ACYdpbRJk4bBa2z91bKqFSWiRBltvECB+bYnb1rqxtYZ7WMG3CxjBSF0A06D4MKR4T1FN8VOKeUylmss3DaW3EMyT2YJiYqpmj323OnO5XPtVh5Ip5XsZLYtGignWn8MjbSFyMefLlineKMUspgX+U8w4cvBZuWwtYHis0slKOwcaYgUVlzhmONiNtz57Va4tNHbBphbl2mIVzGmWbbC68cxjbJp1ijFGQwbozCRISi+soIrYD8OrRw4dIVQHSVORoUdRknb616cKSN0NwsPdtOAzgqAzYGF1+e3n50zxRinlMzKU2hZrs1w21ZnnisVgdWK6miCNkcyu3ntkVYs+5Z5rIWumMZZ8xgRuXIz9GJ5+xzT3FGKQabXTLpmyzvGLa3klhtJbQSrjKExhkQAYO\/JcAAY9K57U2FqBHJNZLcEEIuIg5X5RyyFzt5VpMUYoLDe6YfBFlEQwAAMAdPL7VFd0Vos1\/9k=\" width=\"120\" height=\"96\" border=\"0\" \/><br \/>REFERENCIAS<\/span><\/h3>\n<p><span style=\"font-family: 'book antiqua', palatino; font-size: x-large; color: #808080;\">PR\u00c9STAMOS<\/span><\/p>\n<p><span style=\"font-family: 'book antiqua', palatino; font-size: x-large; color: #808080;\">BIBLIOTECA VIRTUAL<\/span><\/p>\n<p><span style=\"font-family: 'book antiqua', palatino; font-size: x-large; color: #808080;\"><a style=\"color: #808080;\" title=\"Cat\u00e1logo por t\u00edtulos\" href=\"upload\/listado_web_1.docx\" target=\"_blank\" rel=\"noopener\">CAT\u00c1LOGO DIGITALIZADO<\/a><\/span><\/p>\n<p><span style=\"color: #808080; font-family: 'book antiqua', palatino; font-size: 14pt;\">\u00a0<\/span><\/p>\n<\/th>\n<\/tr>\n<tr style=\"background-color: #46adb8;\">\n<td width=\"80%\">\n<h4 style=\"margin-top: 0px; margin-bottom: 0px; padding-bottom: 0px; text-align: center;\">\u00a0<\/h4>\n<\/td>\n<\/tr>\n<tr>\n<td width=\"80%\">\n<div style=\"text-align: center;\"><span style=\"color: #808080; font-family: 'comic sans ms', sans-serif;\"><span style=\"font-size: 19px;\">\u00a0<\/span><\/span><\/div>\n<\/td>\n<\/tr>\n<tr class=\"Borde_rojo\">\n<td width=\"80%\">\n<h6 style=\"text-align: center;\"><span style=\"background-color: #00ffff; color: #808080; font-size: 18pt;\"><span style=\"font-family: 'book antiqua', palatino;\">CONTACTO<\/span><\/span><\/h6>\n<h6 style=\"text-align: center;\">Mail: bibliotecaisfd101@gmail.com<\/h6>\n<h6 style=\"text-align: center;\"><strong>Instagram:<\/strong> <a href=\"https:\/\/instagram.com\/bibliotecaisfd101?igshid=2lfiqq0rxvho\" target=\"_blank\" rel=\"noopener nofollow ugc\" data-bridged-link=\"external\">https:\/\/instagram.com\/bibliotecaisfd101?igshid=2lfiqq0rxvho<\/a><\/h6>\n<h6 style=\"text-align: center;\"><strong>Facebook:\u00a0<\/strong><a href=\"https:\/\/www.facebook.com\/bibliotecadel.cientouno\" target=\"_blank\" rel=\"noopener nofollow ugc\" data-bridged-link=\"external\">https:\/\/www.facebook.com\/bibliotecadel.cientouno<\/a><\/h6>\n<p style=\"text-align: center;\"><strong>Para pedir programas: <a href=\"mailto:programasprofesorado101@gmail.com\">programasprofesorado101@gmail.com<\/a><\/strong><\/p>\n<\/td>\n<\/tr>\n<tr class=\"Borde_rojo\">\n<td width=\"80%\">\u00a0<\/td>\n<\/tr>\n<\/tbody>\n<\/table>\n<p style=\"text-align: left;\"><em><strong><span style=\"font-size: 19px; font-family: 'book antiqua', palatino; color: #000000;\"><span style=\"text-decoration: underline;\">Horarios de atenci\u00f3n<\/span>: de lunes a viernes de 7,30 a 12 hs. o de 13,30hs a 18hs<\/span><\/strong><\/em><\/p>\n<p style=\"text-align: left;\"><em><strong><span style=\"font-size: 14pt; font-family: 'book antiqua', palatino; color: #000000;\">Bibliotecarios: <\/span><\/strong><\/em><\/p>\n<p style=\"text-align: left;\"><em><strong><span style=\"font-size: 14pt; font-family: 'book antiqua', palatino; color: #000000;\">Bibl. Ver\u00f3nica<br \/><\/span><\/strong><\/em><\/p>\n<p style=\"text-align: left;\"><em><strong><span style=\"font-size: 14pt; font-family: 'book antiqua', palatino; color: #000000;\">Bibl. Jorgelina<\/span><\/strong><\/em><\/p>\n<p style=\"text-align: left;\"><span style=\"font-family: 'comic sans ms', sans-serif; font-size: 14pt; color: #0000ff;\">\u00a0<\/span><\/p>\n<p style=\"text-align: left;\"><span style=\"font-family: 'comic sans ms', sans-serif; font-size: 14pt; color: #0000ff;\">\u00a0<\/span><\/p>\n\n\n\n\n\n\n\n\n\n\n\n\n\n\n\n","protected":false},"excerpt":{"rendered":"<p>H\u00c1BITOS DE ESTUDIO Los h\u00e1bitos de estudio son conductas y rutinas regulares, como organizar el tiempo, repasar activamente y crear unambiente adecuado, que permiten mejorar el aprendizaje y aumentar su rendimiento acad\u00e9mico. BENEFICIOS DE ESTABLECER H\u00c1BITOS DE ESTUDIO* Mayor rendimiento acad\u00e9mico* Ayuda a comprender mejor los temas, finalizar tareas a tiempo y obtener mejores calificaciones.* &#8230; <a title=\"BIBLIOTECA\" class=\"read-more\" href=\"https:\/\/isfd101-bue.infd.edu.ar\/sitio\/biblioteca\/\" aria-label=\"More on BIBLIOTECA\">[+]<\/a><\/p>\n","protected":false},"author":2152,"featured_media":0,"parent":0,"menu_order":0,"comment_status":"closed","ping_status":"closed","template":"","meta":[],"acf":[],"_links":{"self":[{"href":"https:\/\/isfd101-bue.infd.edu.ar\/sitio\/wp-json\/wp\/v2\/pages\/1079"}],"collection":[{"href":"https:\/\/isfd101-bue.infd.edu.ar\/sitio\/wp-json\/wp\/v2\/pages"}],"about":[{"href":"https:\/\/isfd101-bue.infd.edu.ar\/sitio\/wp-json\/wp\/v2\/types\/page"}],"author":[{"embeddable":true,"href":"https:\/\/isfd101-bue.infd.edu.ar\/sitio\/wp-json\/wp\/v2\/users\/2152"}],"replies":[{"embeddable":true,"href":"https:\/\/isfd101-bue.infd.edu.ar\/sitio\/wp-json\/wp\/v2\/comments?post=1079"}],"version-history":[{"count":8,"href":"https:\/\/isfd101-bue.infd.edu.ar\/sitio\/wp-json\/wp\/v2\/pages\/1079\/revisions"}],"predecessor-version":[{"id":2697,"href":"https:\/\/isfd101-bue.infd.edu.ar\/sitio\/wp-json\/wp\/v2\/pages\/1079\/revisions\/2697"}],"wp:attachment":[{"href":"https:\/\/isfd101-bue.infd.edu.ar\/sitio\/wp-json\/wp\/v2\/media?parent=1079"}],"curies":[{"name":"wp","href":"https:\/\/api.w.org\/{rel}","templated":true}]}}