{"id":1082,"date":"2018-08-29T22:07:12","date_gmt":"2018-08-30T01:07:12","guid":{"rendered":"https:\/\/isfd101-bue.infd.edu.ar\/sitio\/campo-de-la-practica\/"},"modified":"2025-04-04T13:18:14","modified_gmt":"2025-04-04T16:18:14","slug":"campo-de-la-practica","status":"publish","type":"page","link":"https:\/\/isfd101-bue.infd.edu.ar\/sitio\/campo-de-la-practica\/","title":{"rendered":"CAMPO DE LA PRACTICA"},"content":{"rendered":"\n<p>INFORMAMOS QUE LAS CLASES DE CAMPO DE LA PR\u00c1CTICA COMENZAR\u00c1N A PARTIR DEL MARTES 8 DE ABRIL EN LOS D\u00cdAS Y HORARIOS ASIGNADOS SEG\u00daN EL GRUPO. <\/p>\n\n\n\n<p>CAMPO DE LA PR\u00c1CTICA II ESTA COMPUESTO POR ESPECIALISTA Y GENERALISTA (SE DEBE ASISTIR AMBOS D\u00cdAS)<\/p>\n\n\n\n<p>NO SE REALIZAR\u00c1N CAMBIOS DE GRUPO. CUALQUIER DUDA O INCONVENIENTE ACERCARSE A REGENCIA LA SEMANA DEL 8 AL 11 DE ABRIL,  LOS D\u00cdAS MARTES Y MI\u00c9RCOLES DE 16HS A 20HS,  Y LOS JUEVES Y VIERNES DE 8HS A 11HS<\/p>\n\n\n\n<h2 class=\"wp-block-heading has-text-align-center\">GRUPOS CAMPO DE LA PR\u00c1CTICA II. 2025<\/h2>\n\n\n\n<div class=\"wp-block-file\"><a id=\"wp-block-file--media-14d88c37-1595-48a3-bf20-660e9ecd97d1\" href=\"https:\/\/isfd101-bue.infd.edu.ar\/sitio\/wp-content\/uploads\/2025\/04\/GRUPO-CAMPO-II-2025-pagina.docx\"><strong>GRUPOS CAMPO II<\/strong> <\/a><a href=\"https:\/\/isfd101-bue.infd.edu.ar\/sitio\/wp-content\/uploads\/2025\/04\/GRUPO-CAMPO-II-2025-pagina.docx\" class=\"wp-block-file__button wp-element-button\" download aria-describedby=\"wp-block-file--media-14d88c37-1595-48a3-bf20-660e9ecd97d1\">Descarga<\/a><\/div>\n\n\n\n<div class=\"wp-block-file\"><a id=\"wp-block-file--media-f244080d-6796-4bdc-967f-5f62e6e28aef\" href=\"https:\/\/isfd101-bue.infd.edu.ar\/sitio\/wp-content\/uploads\/2025\/04\/GENERALISTAS-II-2025-pagina.docx\"><strong>GRUPOS GENERALISTAS I<\/strong>I<\/a><a href=\"https:\/\/isfd101-bue.infd.edu.ar\/sitio\/wp-content\/uploads\/2025\/04\/GENERALISTAS-II-2025-pagina.docx\" class=\"wp-block-file__button wp-element-button\" download aria-describedby=\"wp-block-file--media-f244080d-6796-4bdc-967f-5f62e6e28aef\">Descarga<\/a><\/div>\n\n\n\n<h2 class=\"wp-block-heading has-text-align-center\">GRUPOS CAMPO DE LA PR\u00c1CTICA III. 2025<\/h2>\n\n\n\n<div class=\"wp-block-file\"><a id=\"wp-block-file--media-39329515-291d-437b-8b8d-cf2397b2da4c\" href=\"https:\/\/isfd101-bue.infd.edu.ar\/sitio\/wp-content\/uploads\/2025\/04\/GRUPOS-CAMPO-III-2025-pagina.docx\"><strong>GRUPOS CAMPO III<\/strong><\/a><a href=\"https:\/\/isfd101-bue.infd.edu.ar\/sitio\/wp-content\/uploads\/2025\/04\/GRUPOS-CAMPO-III-2025-pagina.docx\" class=\"wp-block-file__button wp-element-button\" download aria-describedby=\"wp-block-file--media-39329515-291d-437b-8b8d-cf2397b2da4c\">Descarga<\/a><\/div>\n\n\n\n<h2 class=\"wp-block-heading has-text-align-center\">GRUPOS CAMPO DE LA PR\u00c1CTICA IV. 2025<\/h2>\n\n\n\n<div class=\"wp-block-file\"><a id=\"wp-block-file--media-8270885c-cf07-4433-92e7-875fcb37868d\" href=\"https:\/\/isfd101-bue.infd.edu.ar\/sitio\/wp-content\/uploads\/2025\/04\/GRUPOS-CAMPO-DE-LA-PRACTICA-IV-2025-1.docx\"><strong>GRUPOS-CAMPO IV 2025<\/strong><\/a><a href=\"https:\/\/isfd101-bue.infd.edu.ar\/sitio\/wp-content\/uploads\/2025\/04\/GRUPOS-CAMPO-DE-LA-PRACTICA-IV-2025-1.docx\" class=\"wp-block-file__button wp-element-button\" download aria-describedby=\"wp-block-file--media-8270885c-cf07-4433-92e7-875fcb37868d\">Descarga<\/a><\/div>\n\n\n\n<hr class=\"wp-block-separator has-alpha-channel-opacity\"\/>\n\n\n\n<p class=\"has-text-align-center\"><strong>INSTRUCTIVO INSCRIPCI\u00d3N A CAMPO DE LA PR\u00c1CTICA 2024<\/strong><\/p>\n\n\n\n<ul>\n<li>Los d\u00edas martes y mi\u00e9rcoles 9 y 10 de abril del 2024 se llevar\u00e1 a cabo la inscripci\u00f3n a Campo de la Pr\u00e1ctica para los estudiantes de 2do, 3ro y 4to a\u00f1o.<\/li>\n\n\n\n<li>Para ello, los estudiantes deben imprimir y completar la planilla que corresponde al a\u00f1o de Pr\u00e1ctica que van a cursar (abajo encontrar\u00e1n los links a cada planilla).<\/li>\n\n\n\n<li>All\u00ed deber\u00e1n detallar sus datos personales: nombre y apellido, curso, DNI, si cursa como alumno regular, recursante o atraso acad\u00e9mico.<\/li>\n\n\n\n<li>Asimismo tendr\u00e1n que indicar 3 (tres) opciones de cursada. De forma tal que si el grupo de Pr\u00e1ctica elegido como primera opci\u00f3n se completa, desde Regencia podremos ubicarlos de acuerdo a sus preferencias. Recuerden que los grupos de Pr\u00e1ctica tienen tope de alumnos en funci\u00f3n de las instituciones educativas en las cuales se realizan las Pr\u00e1cticas.<\/li>\n\n\n\n<li>La planilla completa deber\u00e1 depositarse en el buz\u00f3n que se encontrar\u00e1 en el pasillo frente a Regencia, hasta las 21 hs del d\u00eda 10\/04\/24.<\/li>\n\n\n\n<li>En la semana del 15 al 19 de abril se publicar\u00e1n las listas de cada grupo de Pr\u00e1ctica.<\/li>\n\n\n\n<li>En el caso de los estudiantes de 2do a\u00f1o: deben tener en cuenta que Campo de la Pr\u00e1ctica Docente II se conforma con el Taller llevado adelante por un docente generalista y la Pr\u00e1ctica en Terreno, a cargo de los docentes especialistas. Deben elegir opciones que no generen superposici\u00f3n horaria entre ambos docentes de campo. Tener en cuenta que se asignar\u00e1 grupo de Taller y de Pr\u00e1ctica en terreno utilizando la misma opci\u00f3n (Ej. Opci\u00f3n 1 Pr\u00e1ctica en terreno-Opci\u00f3n 1 Taller; Opci\u00f3n 2 Pr\u00e1ctica en terreno-Opci\u00f3n 2 Taller, etc.)<\/li>\n<\/ul>\n\n\n\n<p><strong>IMPORTANTE:<\/strong> La prioridad respecto a la inscripci\u00f3n en un grupo de Pr\u00e1ctica se establecer\u00e1 por la cantidad de materias acreditadas (finales aprobados) en la carrera que tenga cada estudiante. Es decir, quien tenga m\u00e1s materias acreditadas tendr\u00e1 prioridad en ese grupo de Pr\u00e1ctica por sobre quien tenga menos espacios curriculares acreditados. Lo mismo suceder\u00e1 con los estudiantes de cohorte respecto a los recursantes o atrasos acad\u00e9micos.<\/p>\n\n\n\n<p>Por favor tener en cuenta sus horarios de cursada, ya que al detectarse superposici\u00f3n horaria, ser\u00e1n dados de baja de Campo de la Pr\u00e1ctica.<\/p>\n\n\n\n<div class=\"wp-block-file\"><a id=\"wp-block-file--media-82b59465-21c9-484e-a844-1706d5555823\" href=\"https:\/\/isfd101-bue.infd.edu.ar\/sitio\/wp-content\/uploads\/2024\/04\/Grupos-Campo-2024-Pagina.docx\"><strong>Grupos de Campo de la Pr\u00e1ctica 2024<\/strong><\/a><a href=\"https:\/\/isfd101-bue.infd.edu.ar\/sitio\/wp-content\/uploads\/2024\/04\/Grupos-Campo-2024-Pagina.docx\" class=\"wp-block-file__button wp-element-button\" download aria-describedby=\"wp-block-file--media-82b59465-21c9-484e-a844-1706d5555823\">Descarga<\/a><\/div>\n\n\n\n<hr class=\"wp-block-separator has-alpha-channel-opacity\"\/>\n\n\n<p style=\"text-align: justify;\"><em><span style=\"font-family: verdana,geneva; color: #000000;\"><span style=\"font-size: 12pt;\"><strong>Lo necesario para cursa<\/strong>r (Eje, Reglamento, Planillas, etc.) el <strong>Campo de la Pr\u00e1ctica Docente<\/strong>, se encuentra organizado por a\u00f1o: <\/span><\/span><\/em><\/p>\n<p style=\"text-align: justify;\"><em><span style=\"font-family: verdana,geneva; color: #000000;\"><span style=\"font-size: 12pt;\"><a href=\"https:\/\/isfd101-bue.infd.edu.ar\/sitio\/primer-ano\/\"><strong>Primer a\u00f1o&nbsp;&nbsp;<\/strong><\/a><\/span><\/span><\/em><\/p>\n<p><em><strong><a href=\"https:\/\/isfd101-bue.infd.edu.ar\/sitio\/segundo-ano\/\">Segundo a\u00f1o<\/a><\/strong><\/em><\/p>\n<p><strong><em><a href=\"https:\/\/isfd101-bue.infd.edu.ar\/sitio\/tercer-ano\/\">Tercer a\u00f1o<\/a><\/em><\/strong><\/p>\n<p><a href=\"https:\/\/isfd101-bue.infd.edu.ar\/sitio\/cuarto-ano\/\"><strong><em>Cuarto a\u00f1o<\/em><\/strong><\/a><\/p>","protected":false},"excerpt":{"rendered":"<p>INFORMAMOS QUE LAS CLASES DE CAMPO DE LA PR\u00c1CTICA COMENZAR\u00c1N A PARTIR DEL MARTES 8 DE ABRIL EN LOS D\u00cdAS Y HORARIOS ASIGNADOS SEG\u00daN EL GRUPO. CAMPO DE LA PR\u00c1CTICA II ESTA COMPUESTO POR ESPECIALISTA Y GENERALISTA (SE DEBE ASISTIR AMBOS D\u00cdAS) NO SE REALIZAR\u00c1N CAMBIOS DE GRUPO. CUALQUIER DUDA O INCONVENIENTE ACERCARSE A REGENCIA &#8230; <a title=\"CAMPO DE LA PRACTICA\" class=\"read-more\" href=\"https:\/\/isfd101-bue.infd.edu.ar\/sitio\/campo-de-la-practica\/\" aria-label=\"More on CAMPO DE LA PRACTICA\">[+]<\/a><\/p>\n","protected":false},"author":2152,"featured_media":0,"parent":0,"menu_order":0,"comment_status":"closed","ping_status":"closed","template":"","meta":[],"acf":[],"_links":{"self":[{"href":"https:\/\/isfd101-bue.infd.edu.ar\/sitio\/wp-json\/wp\/v2\/pages\/1082"}],"collection":[{"href":"https:\/\/isfd101-bue.infd.edu.ar\/sitio\/wp-json\/wp\/v2\/pages"}],"about":[{"href":"https:\/\/isfd101-bue.infd.edu.ar\/sitio\/wp-json\/wp\/v2\/types\/page"}],"author":[{"embeddable":true,"href":"https:\/\/isfd101-bue.infd.edu.ar\/sitio\/wp-json\/wp\/v2\/users\/2152"}],"replies":[{"embeddable":true,"href":"https:\/\/isfd101-bue.infd.edu.ar\/sitio\/wp-json\/wp\/v2\/comments?post=1082"}],"version-history":[{"count":9,"href":"https:\/\/isfd101-bue.infd.edu.ar\/sitio\/wp-json\/wp\/v2\/pages\/1082\/revisions"}],"predecessor-version":[{"id":2573,"href":"https:\/\/isfd101-bue.infd.edu.ar\/sitio\/wp-json\/wp\/v2\/pages\/1082\/revisions\/2573"}],"wp:attachment":[{"href":"https:\/\/isfd101-bue.infd.edu.ar\/sitio\/wp-json\/wp\/v2\/media?parent=1082"}],"curies":[{"name":"wp","href":"https:\/\/api.w.org\/{rel}","templated":true}]}}