{"id":1089,"date":"2018-08-29T22:07:14","date_gmt":"2018-08-30T01:07:14","guid":{"rendered":"https:\/\/isfd101-bue.infd.edu.ar\/sitio\/ayudantias\/"},"modified":"2026-02-18T10:06:51","modified_gmt":"2026-02-18T13:06:51","slug":"ayudantias","status":"publish","type":"page","link":"https:\/\/isfd101-bue.infd.edu.ar\/sitio\/ayudantias\/","title":{"rendered":"AYUDANT\u00cdAS"},"content":{"rendered":"\n<p><\/p>\n\n\n\n<h4 class=\"wp-block-heading\"><strong><u>AYUDANTIAS DE C\u00c1TEDRA <\/u><\/strong><\/h4>\n\n\n\n<p><strong><u>Pasos pedag\u00f3gico-administrativos: <\/u><\/strong><\/p>\n\n\n\n<ol>\n<li>\n<div class=\"t pg-1m0 pg-1x3 pg-1h2 pg-1y6 pg-1ff1 pg-1fs0 pg-1fc0 pg-1sc0 pg-1ls1 pg-1ws0\"><span class=\"pg-1ls0\"><span class=\"pg-1ff2\">El\/la estudiante solicitar\u00e1 la admisi\u00f3n como ayudante de c\u00e1tedra mediante&nbsp;<\/span><\/span>correo electr\u00f3nico, adjuntando toda la documentaci\u00f3n solicitada por el&nbsp;instructivo.<\/div>\n<\/li>\n\n\n\n<li>\n<div class=\"t pg-1m0 pg-1x3 pg-1h2 pg-1y9 pg-1ff1 pg-1fs0 pg-1fc0 pg-1sc0 pg-1ls1 pg-1ws0\"><span class=\"pg-1ls0\"><span class=\"pg-1ff2\">S\u00ed la solicitud cumple con los aspectos administrativos, <span class=\"pg-1ls2\">se<\/span> reenviar\u00e1 el email&nbsp;<\/span><\/span>con toda la documentaci\u00f3n al correo electr\u00f3nico del Jefe de carrera&nbsp;<span class=\"pg-1fc2 pg-1sc0\">(<\/span><a href=\"mailto:jefaturadecarrera101@gmail.com\"><span class=\"pg-1fc1\"><span class=\"pg-1fc2 pg-1sc0\">j<\/span><span class=\"pg-1fc2 pg-1sc0\">e<\/span><span class=\"pg-1fc2 pg-1sc0\">f<\/span><span class=\"pg-1fc2 pg-1sc0\">a<\/span><span class=\"pg-1fc2 pg-1sc0\">t<\/span><span class=\"pg-1fc2 pg-1sc0\">u<\/span><span class=\"pg-1fc2 pg-1sc0\">r<\/span><span class=\"pg-1fc2 pg-1sc0\">a<\/span><span class=\"pg-1fc2 pg-1sc0\">d<\/span><span class=\"pg-1fc2 pg-1sc0\">e<\/span><span class=\"pg-1fc2 pg-1sc0\">c<\/span><span class=\"pg-1fc2 pg-1sc0\">a<\/span><span class=\"pg-1fc2 pg-1sc0\">r<\/span><span class=\"pg-1fc2 pg-1sc0\">r<\/span><span class=\"pg-1fc2 pg-1sc0\">e<\/span><span class=\"pg-1fc2 pg-1sc0\">r<\/span><span class=\"pg-1fc2 pg-1sc0\">a<\/span><span class=\"pg-1fc2 pg-1sc0\">1<\/span><span class=\"pg-1fc2 pg-1sc0\">0<\/span><span class=\"pg-1fc2 pg-1sc0\">1<\/span><span class=\"pg-1fc2 pg-1sc0\">@<\/span><span class=\"pg-1fc2 pg-1sc0\">g<\/span><span class=\"pg-1fc2 pg-1sc0\">m<\/span><span class=\"pg-1fc2 pg-1sc0\">a<\/span><span class=\"pg-1fc2 pg-1sc0\">i<\/span><span class=\"pg-1fc2 pg-1sc0\">l<\/span><span class=\"pg-1fc2 pg-1sc0\">.<\/span><span class=\"pg-1fc2 pg-1sc0\">c<\/span><span class=\"pg-1fc2 pg-1sc0\">o<\/span><span class=\"pg-1fc2 pg-1sc0\">m<\/span><\/span><\/a><span class=\"pg-1ls3\">).<\/span><\/div>\n<\/li>\n\n\n\n<li>\n<div class=\"t pg-1m0 pg-1x3 pg-1h2 pg-1yc pg-1ff1 pg-1fs0 pg-1fc0 pg-1sc0 pg-1ls1 pg-1ws0\"><span class=\"pg-1ls0\"><span class=\"pg-1ff2\">El jefe de carrera analizar\u00e1 la solicitud presentada y si la misma cumple con los&nbsp;<\/span><\/span>aspectos pedag\u00f3gico-did\u00e1cticos convocar\u00e1 al docente de la unidad curricular&nbsp;para evaluar la solicitud y el Proyecto de C\u00e1tedra.<\/div>\n<\/li>\n\n\n\n<li>\n<div class=\"t pg-1m0 pg-1x3 pg-1h2 pg-1yf pg-1ff1 pg-1fs0 pg-1fc0 pg-1sc0 pg-1ls1 pg-1ws0\"><span class=\"pg-1ls0\"><span class=\"pg-1ff2\">El jefe de carrera emitir\u00e1 el veredicto final en conjunto con el\/la profesor\/a&nbsp;<\/span><\/span>involucrado\/a y lo enviar\u00e1 al email instituciona<span class=\"pg-1fc2 pg-1sc0\">l <\/span><span class=\"pg-1fc2 pg-1sc0\">(<\/span><span class=\"pg-1fc1\"><a href=\"mailto:isfd101@yahoo.com.ar\"><span class=\"pg-1fc2 pg-1sc0\">i<\/span><span class=\"pg-1fc2 pg-1sc0\">s<\/span><span class=\"pg-1fc2 pg-1sc0\">f<\/span><span class=\"pg-1fc2 pg-1sc0\">d<\/span><span class=\"pg-1fc2 pg-1sc0\">1<\/span><span class=\"pg-1fc2 pg-1sc0\">0<\/span><span class=\"pg-1fc2 pg-1sc0\">1<\/span><span class=\"pg-1fc2 pg-1sc0\">@<\/span><span class=\"pg-1fc2 pg-1sc0\">y<\/span><span class=\"pg-1fc2 pg-1sc0\">a<\/span><span class=\"pg-1fc2 pg-1sc0\">h<\/span><span class=\"pg-1fc2 pg-1sc0\">o<\/span><span class=\"pg-1fc2 pg-1sc0\">o<\/span><span class=\"pg-1fc2 pg-1sc0\">.<\/span><span class=\"pg-1fc2 pg-1sc0\">c<\/span><span class=\"pg-1fc2 pg-1sc0\">o<\/span><span class=\"pg-1fc2 pg-1sc0\">m<\/span><span class=\"pg-1fc2 pg-1sc0\">.<\/span><span class=\"pg-1fc2 pg-1sc0\">a<\/span><span class=\"pg-1fc2 pg-1sc0\">r<\/span><\/a><span class=\"pg-1fc0\"><span class=\"pg-1ls3\">)<\/span><\/span><\/span><\/div>\n<\/li>\n\n\n\n<li>\n<div class=\"t pg-1m0 pg-1x3 pg-1h2 pg-1y11 pg-1ff1 pg-1fs0 pg-1fc0 pg-1sc0 pg-1ls1 pg-1ws0\"><span class=\"pg-1ls0\"><span class=\"pg-1ff2\">Finalmente <span class=\"pg-1ls4\">se<\/span> enviar\u00e1 al estudiante interesado el email con el resultado de la&nbsp;<\/span><\/span>evaluaci\u00f3n de toda la documentaci\u00f3n y del Proyecto de C\u00e1tedra: aprobado o&nbsp;desaprobado.<\/div>\n<\/li>\n<\/ol>\n\n\n\n<h5 class=\"wp-block-heading\"><a title=\"Carta de solicitud\" href=\"https:\/\/isfd101-bue.infd.edu.ar\/sitio\/wp-content\/uploads\/2022\/03\/Carta_de_Solicitud_ayudantia.pdf\" target=\"_blank\" rel=\"noopener\"><strong>Carta de solicitud ayudant\u00eda<\/strong><\/a><\/h5>\n\n\n\n<h5 class=\"wp-block-heading\"><a title=\"Proyecto de ayudant\u00eda\" rel=\"noopener\" href=\"https:\/\/isfd101-bue.infd.edu.ar\/sitio\/wp-content\/uploads\/2023\/02\/Modelo-de-proyecto-didactico.docx\" target=\"_blank\"><strong>Modelo de Proyecto Did\u00e1ctico<\/strong><\/a><\/h5>\n\n\n\n<div class=\"wp-block-file\"><a id=\"wp-block-file--media-c05ea8df-f441-46ce-91ea-70a698503575\" href=\"https:\/\/isfd101-bue.infd.edu.ar\/sitio\/wp-content\/uploads\/2026\/02\/Instructivo-institucional-de-ayudantias.docx\"><strong>Instructivo institucional de ayudantias<\/strong><\/a><a href=\"https:\/\/isfd101-bue.infd.edu.ar\/sitio\/wp-content\/uploads\/2026\/02\/Instructivo-institucional-de-ayudantias.docx\" class=\"wp-block-file__button wp-element-button\" download aria-describedby=\"wp-block-file--media-c05ea8df-f441-46ce-91ea-70a698503575\">Descarga<\/a><\/div>\n","protected":false},"excerpt":{"rendered":"<p>AYUDANTIAS DE C\u00c1TEDRA Pasos pedag\u00f3gico-administrativos: Carta de solicitud ayudant\u00eda Modelo de Proyecto Did\u00e1ctico<\/p>\n","protected":false},"author":2152,"featured_media":0,"parent":0,"menu_order":0,"comment_status":"closed","ping_status":"closed","template":"","meta":[],"acf":[],"_links":{"self":[{"href":"https:\/\/isfd101-bue.infd.edu.ar\/sitio\/wp-json\/wp\/v2\/pages\/1089"}],"collection":[{"href":"https:\/\/isfd101-bue.infd.edu.ar\/sitio\/wp-json\/wp\/v2\/pages"}],"about":[{"href":"https:\/\/isfd101-bue.infd.edu.ar\/sitio\/wp-json\/wp\/v2\/types\/page"}],"author":[{"embeddable":true,"href":"https:\/\/isfd101-bue.infd.edu.ar\/sitio\/wp-json\/wp\/v2\/users\/2152"}],"replies":[{"embeddable":true,"href":"https:\/\/isfd101-bue.infd.edu.ar\/sitio\/wp-json\/wp\/v2\/comments?post=1089"}],"version-history":[{"count":14,"href":"https:\/\/isfd101-bue.infd.edu.ar\/sitio\/wp-json\/wp\/v2\/pages\/1089\/revisions"}],"predecessor-version":[{"id":2625,"href":"https:\/\/isfd101-bue.infd.edu.ar\/sitio\/wp-json\/wp\/v2\/pages\/1089\/revisions\/2625"}],"wp:attachment":[{"href":"https:\/\/isfd101-bue.infd.edu.ar\/sitio\/wp-json\/wp\/v2\/media?parent=1089"}],"curies":[{"name":"wp","href":"https:\/\/api.w.org\/{rel}","templated":true}]}}