{"id":1092,"date":"2018-08-29T22:07:16","date_gmt":"2018-08-30T01:07:16","guid":{"rendered":"https:\/\/isfd101-bue.infd.edu.ar\/sitio\/preceptoria-2\/"},"modified":"2025-03-26T08:23:19","modified_gmt":"2025-03-26T11:23:19","slug":"preceptoria-2","status":"publish","type":"page","link":"https:\/\/isfd101-bue.infd.edu.ar\/sitio\/preceptoria-2\/","title":{"rendered":"PRECEPTOR\u00cdA"},"content":{"rendered":"<p><strong>Preceptoria turno ma\u00f1ana:<\/strong><\/p>\n<ul>\n<li>Graciela Testino<\/li>\n<li>Hern\u00e1n Isusi<\/li>\n<li>Mart\u00edn Brower<\/li>\n<\/ul>\n<p><strong>Preceptoria turno tarde:<\/strong><\/p>\n<ul>\n<li>Marcos Mussanti<\/li>\n<li>Silvia Ranieri<\/li>\n<li>Camila Ocampo<\/li>\n<li>Sebasti\u00e1n Jordan<\/li>\n<\/ul>\n<p><strong>Preceptoria turno vespertino:<\/strong><\/p>\n<ul>\n<li>Natalie Guardia<\/li>\n<li>Reinaldo Berdun<\/li>\n<\/ul>\n<p><strong>Contacto<\/strong>:<\/p>\n<p><a href=\"matriculacion101tm@gmail.com\">matriculacion101tm@gmail.com<\/a><\/p>\n<p><a href=\"matriculacion101tt@gmail.com\">matriculacion101tt@gmail.com<\/a><\/p>\n<p><a href=\"matriculacion101tv@gmail.com\">matriculacion101tv@gmail.com<\/a><\/p>\n<p><strong>Instagram<\/strong><\/p>\n<p>@preceptoriadel101<\/p>\n","protected":false},"excerpt":{"rendered":"<p>Preceptoria turno ma\u00f1ana: Graciela Testino Hern\u00e1n Isusi Mart\u00edn Brower Preceptoria turno tarde: Marcos Mussanti Silvia Ranieri Camila Ocampo Sebasti\u00e1n Jordan Preceptoria turno vespertino: Natalie Guardia Reinaldo Berdun Contacto: matriculacion101tm@gmail.com matriculacion101tt@gmail.com matriculacion101tv@gmail.com Instagram @preceptoriadel101<\/p>\n","protected":false},"author":2152,"featured_media":0,"parent":0,"menu_order":0,"comment_status":"closed","ping_status":"closed","template":"","meta":[],"acf":[],"_links":{"self":[{"href":"https:\/\/isfd101-bue.infd.edu.ar\/sitio\/wp-json\/wp\/v2\/pages\/1092"}],"collection":[{"href":"https:\/\/isfd101-bue.infd.edu.ar\/sitio\/wp-json\/wp\/v2\/pages"}],"about":[{"href":"https:\/\/isfd101-bue.infd.edu.ar\/sitio\/wp-json\/wp\/v2\/types\/page"}],"author":[{"embeddable":true,"href":"https:\/\/isfd101-bue.infd.edu.ar\/sitio\/wp-json\/wp\/v2\/users\/2152"}],"replies":[{"embeddable":true,"href":"https:\/\/isfd101-bue.infd.edu.ar\/sitio\/wp-json\/wp\/v2\/comments?post=1092"}],"version-history":[{"count":4,"href":"https:\/\/isfd101-bue.infd.edu.ar\/sitio\/wp-json\/wp\/v2\/pages\/1092\/revisions"}],"predecessor-version":[{"id":2534,"href":"https:\/\/isfd101-bue.infd.edu.ar\/sitio\/wp-json\/wp\/v2\/pages\/1092\/revisions\/2534"}],"wp:attachment":[{"href":"https:\/\/isfd101-bue.infd.edu.ar\/sitio\/wp-json\/wp\/v2\/media?parent=1092"}],"curies":[{"name":"wp","href":"https:\/\/api.w.org\/{rel}","templated":true}]}}