{"id":1110,"date":"2018-08-29T22:07:25","date_gmt":"2018-08-30T01:07:25","guid":{"rendered":"https:\/\/isfd101-bue.infd.edu.ar\/sitio\/plan-de-estudios\/"},"modified":"2018-09-06T07:30:14","modified_gmt":"2018-09-06T10:30:14","slug":"plan-de-estudios","status":"publish","type":"page","link":"https:\/\/isfd101-bue.infd.edu.ar\/sitio\/plan-de-estudios\/","title":{"rendered":"Plan de estudios"},"content":{"rendered":"<p style=\"text-align: center;\"><img decoding=\"async\" loading=\"lazy\" src=\"https:\/\/isfd101-bue.infd.edu.ar\/sitio\/wp-content\/uploads\/2018\/08\/indice.jpg\" width=\"184\" height=\"184\" border=\"0\" \/><\/p>\n<p style=\"text-align: center;\"><span style=\"font-family: arial,helvetica,sans-serif; font-size: 12pt; background-color: #d8a626;\"><strong style=\"border-style: none;\"><span style=\"text-decoration: underline; background-color: #ffffff;\">PRIMER A\u00d1O<\/span><br \/>\n<\/strong><\/span><\/p>\n<table border=\"1\" width=\"700\">\n<tbody>\n<tr style=\"background-color: #4662b8;\">\n<td style=\"text-align: center;\"><span style=\"font-family: arial,helvetica,sans-serif;\"><strong><span style=\"font-size: 8pt;\">Campo de la actualizaci\u00f3n formativa<\/span> (256)<\/strong><\/span><\/td>\n<\/tr>\n<\/tbody>\n<\/table>\n<table style=\"background-color: #fcedaf; width: 827px; height: 116px;\" border=\"0\">\n<tbody>\n<tr>\n<td style=\"border: 1px solid #000000;\">\n<p style=\"text-align: center;\"><span style=\"font-family: arial,helvetica,sans-serif; font-size: 8pt;\"><strong>Taller de lectura, escritura y oralidad<\/strong><\/span><\/p>\n<p style=\"text-align: center;\"><span style=\"font-family: arial,helvetica,sans-serif; font-size: 8pt;\"><strong>(64)<\/strong><\/span><\/p>\n<\/td>\n<td style=\"border: 1px solid #000000;\"><span style=\"font-family: arial,helvetica,sans-serif; font-size: 8pt;\"><strong>Taller de Educaci\u00f3n Corporal Motriz<\/strong><\/span><\/p>\n<p style=\"text-align: center;\"><span style=\"font-family: arial,helvetica,sans-serif; font-size: 8pt;\"><strong>(64)<\/strong><\/span><\/p>\n<\/td>\n<td style=\"border: 1px solid #000000; text-align: center;\"><span style=\"font-family: arial,helvetica,sans-serif; font-size: 8pt;\"> <strong>Taller de Definici\u00f3n Institucional<\/strong><\/span><\/p>\n<p><span style=\"font-family: arial,helvetica,sans-serif; font-size: 8pt;\"><strong>(64)<\/strong><\/span><\/td>\n<\/tr>\n<\/tbody>\n<\/table>\n<address style=\"text-align: center;\">\u00a0<\/address>\n<p>&nbsp;<\/p>\n<table style=\"height: 588px; width: 824px;\" border=\"0\">\n<tbody>\n<tr>\n<td style=\"width: 100px; height: 100px; background-color: #4662b8; border: 1px solid #000000; text-align: center;\"><strong><span style=\"font-family: arial,helvetica,sans-serif; font-size: 8pt;\">\u00a0Campo de la subjetividad y las culturas<\/span><\/strong><\/td>\n<td style=\"width: 100px; background-color: #fcedaf; border: 1px solid #000000;\">\n<p style=\"text-align: center;\">\u00a0<span style=\"font-family: arial,helvetica,sans-serif; font-size: 8pt;\">Psicolog\u00eda del desarrollo y el aprendizaje <\/span><\/p>\n<p style=\"text-align: center;\"><span style=\"font-family: arial,helvetica,sans-serif; font-size: 8pt;\">(64)<\/span><\/p>\n<\/td>\n<td>\n<table border=\"1\" cellspacing=\"0\" cellpadding=\"0\">\n<tbody>\n<tr>\n<td style=\"background-color: #4662b8; width: 302px; border: 1px solid #000000;\">\n<p style=\"text-align: center;\"><span style=\"font-size: 8pt;\"><strong>Campo de la Pr\u00e1ctica Docente<\/strong><\/span><\/p>\n<\/td>\n<\/tr>\n<\/tbody>\n<\/table>\n<table border=\"1\" cellspacing=\"0\" cellpadding=\"0\">\n<tbody>\n<tr>\n<td style=\"background-color: #fbe7a6; border: 1px solid #000000;\">\n<p style=\"text-align: center;\"><span style=\"font-family: arial,helvetica,sans-serif; font-size: 8pt;\"><strong>Pr\u00e1ctica en terreno<\/strong><\/span><\/p>\n<p style=\"text-align: center;\"><span style=\"font-family: arial,helvetica,sans-serif; font-size: 8pt;\">Experiencia social en espacios y organizaciones de la comunidad (32)<\/span><\/p>\n<\/td>\n<\/tr>\n<tr>\n<td style=\"border: 1px solid #000000; background-color: #fbe7a6;\">\n<p style=\"text-align: center;\"><span style=\"font-family: arial,helvetica,sans-serif; font-size: 8pt;\"><strong>Taller Integrador Interdisciplinario<\/strong><\/span><\/p>\n<p style=\"text-align: center;\"><span style=\"font-family: arial,helvetica,sans-serif; font-size: 8pt;\">Ciudad Educadora (32)<\/span><\/p>\n<\/td>\n<\/tr>\n<tr>\n<td style=\"border: 1px solid #000000; background-color: #fbe7a6;\">\n<h1 style=\"text-align: center;\"><span style=\"font-size: 8pt; font-family: arial,helvetica,sans-serif;\">Herramientas<\/span><span style=\"font-size: 8pt; font-family: arial,helvetica,sans-serif;\">\u00a0<\/span><\/h1>\n<p style=\"text-align: center;\"><span style=\"font-size: 8pt;\">Educaci\u00f3n social y estrategias de educaci\u00f3n popular<\/span><span style=\"font-size: 8pt;\"> (32)<\/span><\/p>\n<\/td>\n<\/tr>\n<\/tbody>\n<\/table>\n<\/td>\n<td style=\"width: 100px; background-color: #fcedaf; border: 1px solid #000000;\">\n<p style=\"text-align: center;\"><span style=\"font-family: arial,helvetica,sans-serif;\"><span style=\"font-size: 8pt;\">Did\u00e1ctica de la gimnasia (64)<\/span><\/span><\/p>\n<p style=\"text-align: center;\"><span style=\"font-family: arial,helvetica,sans-serif; font-size: 8pt;\">Did\u00e1ctica de la nataci\u00f3n (64)<\/span><\/p>\n<p style=\"text-align: center;\"><span style=\"font-family: arial,helvetica,sans-serif; font-size: 8pt;\">Anatom\u00eda funcional (64)<\/span><\/p>\n<p style=\"text-align: center;\"><span style=\"font-family: arial,helvetica,sans-serif; font-size: 8pt;\">Historia de la Educaci\u00f3n F\u00edsica en Latinoam. y en Argentina (64)<\/span><\/p>\n<\/td>\n<td style=\"width: 100px; background-color: #4662b8; border: 1px solid #000000;\">\n<p style=\"text-align: center;\"><strong><span style=\"font-family: arial,helvetica,sans-serif; font-size: 8pt;\">Campo de los saberes espec\u00edficos <\/span><\/strong><\/p>\n<p style=\"text-align: center;\"><strong><span style=\"font-family: arial,helvetica,sans-serif; font-size: 8pt;\">(256)<\/span><\/strong><\/p>\n<\/td>\n<\/tr>\n<\/tbody>\n<\/table>\n<address>\u00a0<\/address>\n<table style=\"background-color: #fcedaf; width: 822px; height: 117px;\" border=\"0\">\n<tbody>\n<tr style=\"background-color: #fbe7a6;\">\n<td style=\"width: 175px; border: 1px solid #000000;\">\n<p style=\"text-align: center;\"><span style=\"font-family: arial,helvetica,sans-serif; font-size: 8pt;\">Filosof\u00eda <\/span><\/p>\n<p style=\"text-align: center;\"><span style=\"font-family: arial,helvetica,sans-serif; font-size: 8pt;\">(64)<\/span><\/p>\n<\/td>\n<td style=\"width: 175px; border: 1px solid #000000;\">\n<p style=\"text-align: center;\"><span style=\"font-family: arial,helvetica,sans-serif; font-size: 8pt;\">Did\u00e1ctica General<\/span><\/p>\n<p style=\"text-align: center;\"><span style=\"font-family: arial,helvetica,sans-serif; font-size: 8pt;\">(64)<\/span><\/p>\n<\/td>\n<td style=\"width: 175px; border: 1px solid #000000;\">\n<p style=\"text-align: center;\"><span style=\"font-family: arial,helvetica,sans-serif; font-size: 8pt;\">Pedagog\u00eda<\/span><\/p>\n<p style=\"text-align: center;\"><span style=\"font-family: arial,helvetica,sans-serif; font-size: 8pt;\">(64)<\/span><\/p>\n<\/td>\n<td style=\"width: 175px; border: 1px solid #000000;\">\n<p style=\"text-align: center;\"><span style=\"font-family: arial,helvetica,sans-serif; font-size: 8pt;\">An\u00e1lisis del mundo contempor\u00e1neo<\/span><\/p>\n<p style=\"text-align: center;\"><span style=\"font-family: arial,helvetica,sans-serif; font-size: 8pt;\">(32)<\/span><\/p>\n<\/td>\n<\/tr>\n<\/tbody>\n<\/table>\n<table style=\"background-color: #4662b8; width: 822px; height: 48px; border: 0pt solid #000000;\" border=\"0\">\n<tbody>\n<tr>\n<td style=\"text-align: center; border: 1px solid #000000; background-color: #4662b8;\"><strong><span style=\"font-family: arial,helvetica,sans-serif; font-size: 8pt;\">Campo de la Fundamentaci\u00f3n<\/span><\/strong> (224)<\/td>\n<\/tr>\n<\/tbody>\n<\/table>\n<address><span style=\"font-family: arial,helvetica,sans-serif; font-size: 8pt;\"><strong>Total de horas anuales: 832 <\/strong><\/span><\/address>\n<p>&nbsp;<\/p>\n<p><span style=\"font-family: arial,helvetica,sans-serif; font-size: 8pt;\"><strong>\u00a0<\/strong><\/span><\/p>\n<p style=\"text-align: center;\"><span style=\"text-decoration: underline; background-color: #ffffff;\"><strong><span style=\"font-family: arial,helvetica,sans-serif; font-size: 12pt;\">SEGUNDO A\u00d1O<\/span><\/strong><\/span><\/p>\n<table style=\"height: 621px; width: 821px;\" border=\"0\">\n<tbody>\n<tr>\n<td style=\"width: 100px; background-color: #4662b8; border: 1px solid #000000; text-align: center;\"><strong><span style=\"font-family: arial,helvetica,sans-serif; font-size: 8pt;\">Campo de la subjetividad y las culturas<\/span><\/strong><\/td>\n<td style=\"width: 100px; background-color: #fcedaf; border: 1px solid #000000;\">\n<p style=\"text-align: center;\"><span style=\"font-family: arial,helvetica,sans-serif; font-size: 8pt;\">Psicolog\u00eda del desarrollo y el aprendizaje <\/span><\/p>\n<p style=\"text-align: center;\"><span style=\"font-family: arial,helvetica,sans-serif; font-size: 8pt;\">(64)<\/span><\/p>\n<\/td>\n<td style=\"width: 300px;\">\n<table border=\"1\" cellspacing=\"0\" cellpadding=\"0\">\n<tbody>\n<tr>\n<td style=\"background-color: #4662b8; border: 1px solid #000000;\">\n<p style=\"text-align: center;\"><strong><span style=\"font-family: arial,helvetica,sans-serif; font-size: 8pt;\">Campo de la Pr\u00e1ctica Docente (128)<\/span><br \/>\n<\/strong><\/p>\n<\/td>\n<\/tr>\n<tr>\n<td style=\"background-color: #fbe7a6;\"><span style=\"font-family: arial,helvetica,sans-serif; font-size: 8pt;\"><strong>Pr\u00e1cticas en terreno<\/strong><\/span><\/p>\n<p><span style=\"font-family: arial,helvetica,sans-serif; font-size: 8pt;\">En instituciones educativas<\/span><\/p>\n<p><span style=\"font-family: arial,helvetica,sans-serif; font-size: 8pt;\">(distintos \u00e1mbitos: urbano,suburbano, rural) (64)<\/span><\/p>\n<p><span style=\"font-family: arial,helvetica,sans-serif; font-size: 8pt;\">\u00a0<\/span><\/td>\n<\/tr>\n<tr>\n<td style=\"background-color: #fbe7a6;\">\n<p style=\"text-align: center;\"><span style=\"font-family: arial,helvetica,sans-serif; font-size: 8pt;\"><strong>Taller Integrador Interdisciplinario<\/strong><\/span><\/p>\n<p style=\"text-align: center;\"><span style=\"font-family: arial,helvetica,sans-serif; font-size: 8pt;\">Espacio escolar y realidad educativa (32)<\/span><\/p>\n<p style=\"text-align: center;\"><span style=\"font-family: arial,helvetica,sans-serif; font-size: 8pt;\">\u00a0<\/span><\/p>\n<\/td>\n<\/tr>\n<tr>\n<td style=\"background-color: #fbe7a6;\"><span style=\"font-size: 8pt; font-family: arial,helvetica,sans-serif;\"><strong>Herramientas <\/strong><\/span><\/p>\n<p><span style=\"font-size: 8pt; font-family: arial,helvetica,sans-serif;\">Aproximaci\u00f3n y an\u00e1lisis cualitativo institucional (32)<\/span><\/p>\n<p><span style=\"font-size: 8pt; font-family: arial,helvetica,sans-serif;\">\u00a0<\/span><\/td>\n<\/tr>\n<\/tbody>\n<\/table>\n<\/td>\n<td style=\"width: 100px; background-color: #fcedaf; border: 1px solid #000000; text-align: center;\"><span style=\"font-family: arial,helvetica,sans-serif; font-size: 8pt;\">Did\u00e1ctica de la gimnasia II (64)<\/span><\/p>\n<p><span style=\"font-family: arial,helvetica,sans-serif; font-size: 8pt;\">Did\u00e1ctica de la recreaci\u00f3n I (64)<\/span><\/p>\n<p><span style=\"font-family: arial,helvetica,sans-serif; font-size: 8pt;\">Did\u00e1ctica de los deportes I (128)<\/span><\/p>\n<p><span style=\"font-family: arial,helvetica,sans-serif; font-size: 8pt;\">Did\u00e1ctica del atletismo (64)<\/span><\/p>\n<p><span style=\"font-family: arial,helvetica,sans-serif; font-size: 8pt;\">Fisiolog\u00eda de la motricidad (64)<\/span><\/p>\n<p><span style=\"font-family: arial,helvetica,sans-serif; font-size: 8pt;\">Did\u00e1ctica del Juego (64)<\/span><\/td>\n<td style=\"width: 100px; background-color: #4662b8; border: 1px solid #000000; text-align: center;\"><strong><span style=\"font-family: arial,helvetica,sans-serif; font-size: 8pt;\">Campo de los saberes a ense\u00f1ar<\/span><\/strong><\/p>\n<p><strong><span style=\"font-family: arial,helvetica,sans-serif; font-size: 8pt;\">(448)<\/span><\/strong><\/td>\n<\/tr>\n<\/tbody>\n<\/table>\n<address>\u00a0<\/address>\n<table style=\"background-color: #fcedaf; width: 824px; height: 77px;\" border=\"0\">\n<tbody>\n<tr>\n<td style=\"text-align: center; width: 350px; border: 1px solid #000000;\"><span style=\"font-family: arial,helvetica,sans-serif; font-size: 8pt;\">Teor\u00edas sociopol\u00edticas y educaci\u00f3n (64)<\/span><\/td>\n<td style=\"text-align: center; width: 350px; border: 1px solid #000000;\"><span style=\"font-family: arial,helvetica,sans-serif; font-size: 8pt;\">Did\u00e1ctica y curriculum de la Educ. F\u00edsica del nivel inicial y del nivel primario (64)<\/span><\/td>\n<\/tr>\n<\/tbody>\n<\/table>\n<table style=\"background-color: #4662b8; width: 824px; height: 84px; border: 0pt solid #000000;\" border=\"0\">\n<tbody>\n<tr style=\"background-color: #4662b8;\">\n<td style=\"text-align: center; border: 1px solid #000000; background-color: #4662b8;\"><span style=\"font-family: arial,helvetica,sans-serif; font-size: 8pt;\"><strong>Campo de la fundamentaci\u00f3n (128)<\/strong><\/span><\/td>\n<\/tr>\n<\/tbody>\n<\/table>\n<address><em><span style=\"font-family: arial,helvetica,sans-serif; font-size: 8pt;\"><strong>Total de horas anuales: 768<\/strong><\/span><\/em><\/address>\n<p>&nbsp;<\/p>\n<p>&nbsp;<\/p>\n<p style=\"text-align: center;\"><span style=\"text-decoration: underline;\"><span style=\"font-family: arial,helvetica,sans-serif; font-size: 12pt;\"><strong>TERCER A\u00d1O<\/strong><\/span><\/span><span style=\"font-family: arial,helvetica,sans-serif; font-size: 8pt;\"><strong>\u00a0<\/strong><\/span><\/p>\n<p>&nbsp;<\/p>\n<table style=\"width: 825px; height: 596px;\" border=\"0\">\n<tbody>\n<tr>\n<td style=\"width: 100px; background-color: #4662b8; border: 1px solid #000000; text-align: center;\"><strong><span style=\"font-family: arial,helvetica,sans-serif; font-size: 8pt;\">Campo de la subjetividad y las culturas<\/span><\/strong><\/p>\n<p><strong><span style=\"font-family: arial,helvetica,sans-serif; font-size: 8pt;\">(96)<br \/>\n<\/span><\/strong><\/td>\n<td style=\"width: 100px; background-color: #fcedaf; border: 1px solid #000000; text-align: center;\"><span style=\"font-family: arial,helvetica,sans-serif; font-size: 8pt;\">Configuraciones culturales del sujeto (32)<\/span><\/p>\n<p><span style=\"font-family: arial,helvetica,sans-serif; font-size: 8pt;\">Psicolog\u00eda del desarrollo y del aprendizaje<\/span><\/p>\n<p><span style=\"font-family: arial,helvetica,sans-serif; font-size: 8pt;\">(64)<\/span><\/td>\n<td style=\"width: 300px; text-align: center;\">\n<table border=\"1\" cellspacing=\"0\" cellpadding=\"0\">\n<tbody>\n<tr>\n<td style=\"background-color: #4662b8; width: 302px; border: 1px solid #000000;\">\n<p style=\"text-align: center;\"><span style=\"font-size: 8pt;\"><strong>Campo de la Pr\u00e1ctica Docente (160)<\/strong><\/span><\/p>\n<\/td>\n<\/tr>\n<\/tbody>\n<\/table>\n<table border=\"1\" cellspacing=\"0\" cellpadding=\"0\">\n<tbody>\n<tr>\n<td style=\"background-color: #fbe7a6;\">\n<p style=\"text-align: center;\"><span style=\"font-family: arial,helvetica,sans-serif; font-size: 8pt;\"><strong>Pr\u00e1ctica en terreno<\/strong><\/span><\/p>\n<p style=\"text-align: center;\"><span style=\"font-family: arial,helvetica,sans-serif; font-size: 8pt;\">En el aula , en el nivel de formaci\u00f3n y en otros \u00e1mbitos educativos\u00a0 (96)<\/span><\/p>\n<p style=\"text-align: center;\"><span style=\"font-family: arial,helvetica,sans-serif; font-size: 8pt;\">\u00a0<\/span><\/p>\n<\/td>\n<\/tr>\n<tr>\n<td style=\"background-color: #fbe7a6;\">\n<p style=\"text-align: center;\"><span style=\"font-family: arial,helvetica,sans-serif; font-size: 8pt;\"><strong>Taller Integrador Interdisciplinario<\/strong><\/span><\/p>\n<p style=\"text-align: center;\"><span style=\"font-family: arial,helvetica,sans-serif; font-size: 8pt;\">Relaci\u00f3n educativa\u00a0 (32)<\/span><\/p>\n<p style=\"text-align: center;\"><span style=\"font-family: arial,helvetica,sans-serif; font-size: 8pt;\">\u00a0<\/span><\/p>\n<\/td>\n<\/tr>\n<tr>\n<td style=\"background-color: #fbe7a6;\">\n<p style=\"text-align: center;\"><span style=\"font-family: arial,helvetica,sans-serif; font-size: 8pt;\"><strong>Herramientas<\/strong><\/span><\/p>\n<p style=\"text-align: center;\"><span style=\"font-family: arial,helvetica,sans-serif; font-size: 8pt;\">Investigaci\u00f3n en y para la acci\u00f3n educativa (32)<\/span><\/p>\n<\/td>\n<\/tr>\n<\/tbody>\n<\/table>\n<\/td>\n<td style=\"width: 100px; background-color: #fcedaf; border: 1px solid #000000; text-align: center;\"><span style=\"font-family: arial,helvetica,sans-serif; font-size: 8pt;\">Did\u00e1ctica de la gimnasia III (64)<\/span><\/p>\n<p><span style=\"font-family: arial,helvetica,sans-serif; font-size: 8pt;\">Did\u00e1ctica de las pr\u00e1cticas en Ia naturaleza (64)<\/span><\/p>\n<p><span style=\"font-family: arial,helvetica,sans-serif; font-size: 8pt;\">Did\u00e1ctica de los deportes II (128)<\/span><\/p>\n<p><span style=\"font-family: arial,helvetica,sans-serif; font-size: 8pt;\">Metodolog\u00eda de la investigaci\u00f3n en Educ. F\u00edsica (64)<\/span><\/p>\n<p><span style=\"font-family: arial,helvetica,sans-serif; font-size: 8pt;\">An\u00e1lisis de las acciones motrices (64)<\/span><\/p>\n<p><span style=\"font-family: arial,helvetica,sans-serif; font-size: 8pt;\">E.D.I.\u00a0 (64)<\/span><\/p>\n<p>&nbsp;<\/td>\n<td style=\"width: 100px; background-color: #4662b8; border: 1px solid #000000; text-align: center;\"><strong><span style=\"font-family: arial,helvetica,sans-serif; font-size: 8pt;\">Campo de los saberes a ense\u00f1ar<\/span><\/strong><\/p>\n<p><strong><span style=\"font-family: arial,helvetica,sans-serif; font-size: 8pt;\">(448)<\/span><\/strong><\/td>\n<\/tr>\n<\/tbody>\n<\/table>\n<address style=\"text-align: center;\">\u00a0<\/address>\n<table style=\"width: 825px; background-color: #fcedaf; height: 70px;\" border=\"0\">\n<tbody>\n<tr>\n<td style=\"width: 350px; border: 1px solid #000000; text-align: center;\"><span style=\"font-family: arial,helvetica,sans-serif; font-size: 8pt;\">Did\u00e1ctica de la Educaci\u00f3n F\u00edsica del nivel secundario y de otros \u00e1mbitos educativos (64)<\/span><\/td>\n<td style=\"width: 350px; border: 1px solid #000000; text-align: center;\"><span style=\"font-family: arial,helvetica,sans-serif; font-size: 8pt;\">Historia, pol\u00edtica y legislaci\u00f3n educativa (64)<\/span><\/td>\n<\/tr>\n<\/tbody>\n<\/table>\n<table style=\"background-color: #4662b8; width: 824px; height: 50px; border: 0pt solid #000000;\" border=\"0\">\n<tbody>\n<tr>\n<td style=\"text-align: center; background-color: #4662b8;\"><strong><span style=\"font-family: arial,helvetica,sans-serif; font-size: 8pt;\">Campo de la fundamentaci\u00f3n (128)<\/span><\/strong><\/td>\n<\/tr>\n<\/tbody>\n<\/table>\n<address style=\"text-align: left;\"><span style=\"font-family: arial,helvetica,sans-serif; font-size: 8pt;\"><strong>Total de horas anuales: 832<\/strong><\/span><\/address>\n<p style=\"text-align: center;\"><strong><span style=\"text-decoration: underline;\"><span style=\"font-family: arial,helvetica,sans-serif; font-size: 12pt;\">CUARTO A\u00d1O<\/span><\/span><\/strong><\/p>\n<address style=\"text-align: left;\">\u00a0<\/address>\n<address style=\"text-align: left;\">\n<table style=\"width: 822px; height: 495px;\" border=\"0\">\n<tbody>\n<tr>\n<td style=\"width: 100px; background-color: #4662b8; border: 1px solid #000000; text-align: center;\"><strong><span style=\"font-family: arial,helvetica,sans-serif; font-size: 8pt;\">Campo de la subjetividad y las culturas<\/span><\/strong><\/td>\n<td style=\"background-color: #fcedaf; width: 100px; border: 1px solid #000000;\">\n<p style=\"text-align: center;\"><span style=\"font-family: arial,helvetica,sans-serif; font-size: 8pt;\">Pedagog\u00eda cr\u00edtica de las diferencias <\/span><\/p>\n<p style=\"text-align: center;\"><span style=\"font-family: arial,helvetica,sans-serif; font-size: 8pt;\">(64)<\/span><\/p>\n<\/td>\n<td style=\"width: 300px;\">\n<table border=\"1\" cellspacing=\"0\" cellpadding=\"0\">\n<tbody>\n<tr>\n<td style=\"background-color: #4662b8; width: 302px; border: 1px solid #000000;\">\n<p style=\"text-align: center;\"><span style=\"font-family: arial,helvetica,sans-serif; font-size: 8pt;\"><strong>Campo de la Pr\u00e1ctica Docente (160)<\/strong><\/span><\/p>\n<\/td>\n<\/tr>\n<tr>\n<td style=\"background-color: #fbe7a6;\">\n<p style=\"text-align: center;\"><span style=\"font-family: arial,helvetica,sans-serif; font-size: 8pt;\"><strong>Pr\u00e1ctica en terreno<\/strong><\/span><\/p>\n<p style=\"text-align: center;\"><span style=\"font-family: arial,helvetica,sans-serif; font-size: 8pt;\">En el aula, en el nivel de formaci\u00f3n y en otros \u00e1mbitos educativos<\/span><\/p>\n<p style=\"text-align: center;\"><span style=\"font-family: arial,helvetica,sans-serif; font-size: 8pt;\">(128)<\/span><\/p>\n<p>&nbsp;<\/td>\n<\/tr>\n<tr>\n<td style=\"background-color: #fbe7a6;\">\n<p style=\"text-align: center;\"><span style=\"font-family: arial,helvetica,sans-serif; font-size: 8pt;\"><strong>Taller Integrador Interdisciplinario<\/strong><\/span><\/p>\n<p style=\"text-align: center;\"><span style=\"font-family: arial,helvetica,sans-serif; font-size: 8pt;\">Posicionamiento docente<\/span><\/p>\n<p style=\"text-align: center;\"><span style=\"font-family: arial,helvetica,sans-serif; font-size: 8pt;\">(32)<\/span><\/p>\n<\/td>\n<\/tr>\n<\/tbody>\n<\/table>\n<\/td>\n<td style=\"background-color: #fcedaf; width: 100px; border: 1px solid #000000;\">\n<p style=\"text-align: center;\"><span style=\"font-family: arial,helvetica,sans-serif; font-size: 8pt;\">Did\u00e1ctica de la gimnasia IV (64)<\/span><\/p>\n<p style=\"text-align: center;\"><span style=\"font-family: arial,helvetica,sans-serif; font-size: 8pt;\">Did\u00e1ctica de las pr\u00e1cticas en Ia naturaleza II (64)<\/span><\/p>\n<p style=\"text-align: center;\"><span style=\"font-family: arial,helvetica,sans-serif; font-size: 8pt;\">Did\u00e1ctica de los deportes III (128)<\/span><\/p>\n<p style=\"text-align: center;\"><span style=\"font-family: arial,helvetica,sans-serif; font-size: 8pt;\">Antropolog\u00eda y sociolog\u00eda del cuerpo y deporte (64)<\/span><\/p>\n<p style=\"text-align: center;\"><span style=\"font-family: arial,helvetica,sans-serif; font-size: 8pt;\">Entrenamiento (64)<\/span><\/p>\n<\/td>\n<td style=\"background-color: #4662b8; width: 100px; border: 1px solid #000000;\">\n<p style=\"text-align: center;\"><strong><span style=\"font-family: arial,helvetica,sans-serif; font-size: 8pt;\">Campo de los saberes a ense\u00f1ar<\/span><\/strong><\/p>\n<p style=\"text-align: center;\"><strong><span style=\"font-family: arial,helvetica,sans-serif; font-size: 8pt;\">(576)<\/span><\/strong><\/p>\n<\/td>\n<\/tr>\n<\/tbody>\n<\/table>\n<p>&nbsp;<\/p>\n<\/address>\n<table style=\"background-color: #fcedaf; width: 824px; height: 88px;\" border=\"0\">\n<tbody>\n<tr>\n<td style=\"width: 350px; border: 1px solid #000000; text-align: center;\"><span style=\"font-family: arial,helvetica,sans-serif; font-size: 8pt;\">Reflexi\u00f3n filos\u00f3fica de la educaci\u00f3n (32)<\/span><\/td>\n<td style=\"width: 350px; border: 1px solid #000000;\">\n<p style=\"text-align: center;\"><span style=\"font-family: arial,helvetica,sans-serif; font-size: 8pt;\">Dimensi\u00f3n \u00e9tico-pol\u00edtica de la praxis docente (32)<\/span><\/p>\n<\/td>\n<\/tr>\n<\/tbody>\n<\/table>\n<table style=\"background-color: #4662b8; width: 823px; border: 0pt solid #000000; height: 47px;\" border=\"0\">\n<tbody>\n<tr>\n<td style=\"border: 1px solid #000000; text-align: center;\"><strong><span style=\"font-family: arial,helvetica,sans-serif; font-size: 8pt;\">Campo de la fundamentaci\u00f3n (64<em>)<\/em><\/span><\/strong><\/td>\n<\/tr>\n<\/tbody>\n<\/table>\n<address style=\"text-align: left;\"><em><span style=\"font-family: arial,helvetica,sans-serif; font-size: 8pt;\"><strong>Total de horas anuales: 832<\/strong><\/span><\/em><\/address>\n<address style=\"text-align: left;\"><em><span style=\"font-family: arial,helvetica,sans-serif; font-size: 8pt;\"><strong><span style=\"color: #ff0000;\">Total de horas dise\u00f1o: 3264<\/span><br \/>\n<\/strong><\/span><\/em><\/address>\n<address style=\"text-align: center;\">\u00a0<\/address>\n<address style=\"text-align: center;\">\u00a0<\/address>\n<address style=\"text-align: center;\">\u00a0<\/address>\n<address style=\"text-align: center;\"><em><span style=\"font-family: arial,helvetica,sans-serif; font-size: 8pt;\"><strong>\u00a0<\/strong><\/span><\/em><\/address>\n","protected":false},"excerpt":{"rendered":"<p>PRIMER A\u00d1O Campo de la actualizaci\u00f3n formativa (256) Taller de lectura, escritura y oralidad (64) Taller de Educaci\u00f3n Corporal Motriz (64) Taller de Definici\u00f3n Institucional (64) \u00a0 &nbsp; \u00a0Campo de la subjetividad y las culturas \u00a0Psicolog\u00eda del desarrollo y el aprendizaje (64) Campo de la Pr\u00e1ctica Docente Pr\u00e1ctica en terreno Experiencia social en espacios y &#8230; <a title=\"Plan de estudios\" class=\"read-more\" href=\"https:\/\/isfd101-bue.infd.edu.ar\/sitio\/plan-de-estudios\/\" aria-label=\"More on Plan de estudios\">[+]<\/a><\/p>\n","protected":false},"author":2152,"featured_media":0,"parent":0,"menu_order":0,"comment_status":"closed","ping_status":"closed","template":"","meta":[],"acf":[],"_links":{"self":[{"href":"https:\/\/isfd101-bue.infd.edu.ar\/sitio\/wp-json\/wp\/v2\/pages\/1110"}],"collection":[{"href":"https:\/\/isfd101-bue.infd.edu.ar\/sitio\/wp-json\/wp\/v2\/pages"}],"about":[{"href":"https:\/\/isfd101-bue.infd.edu.ar\/sitio\/wp-json\/wp\/v2\/types\/page"}],"author":[{"embeddable":true,"href":"https:\/\/isfd101-bue.infd.edu.ar\/sitio\/wp-json\/wp\/v2\/users\/2152"}],"replies":[{"embeddable":true,"href":"https:\/\/isfd101-bue.infd.edu.ar\/sitio\/wp-json\/wp\/v2\/comments?post=1110"}],"version-history":[{"count":3,"href":"https:\/\/isfd101-bue.infd.edu.ar\/sitio\/wp-json\/wp\/v2\/pages\/1110\/revisions"}],"predecessor-version":[{"id":1221,"href":"https:\/\/isfd101-bue.infd.edu.ar\/sitio\/wp-json\/wp\/v2\/pages\/1110\/revisions\/1221"}],"wp:attachment":[{"href":"https:\/\/isfd101-bue.infd.edu.ar\/sitio\/wp-json\/wp\/v2\/media?parent=1110"}],"curies":[{"name":"wp","href":"https:\/\/api.w.org\/{rel}","templated":true}]}}