{"id":1136,"date":"2018-08-29T22:07:34","date_gmt":"2018-08-30T01:07:34","guid":{"rendered":"https:\/\/isfd101-bue.infd.edu.ar\/sitio\/segundo-ano\/"},"modified":"2025-03-27T19:32:12","modified_gmt":"2025-03-27T22:32:12","slug":"segundo-ano","status":"publish","type":"page","link":"https:\/\/isfd101-bue.infd.edu.ar\/sitio\/segundo-ano\/","title":{"rendered":"Segundo a\u00f1o"},"content":{"rendered":"<p><\/p>\n<p style=\"text-align: center;\"><span style=\"color: #000000;\"><strong><span style=\"font-size: 14pt;\">Campo de la Pr\u00e1ctica Docente II<\/span><\/strong><\/span><\/p>\n<p><span style=\"font-size: 12pt; color: #ff0000;\"><strong><em>&nbsp;<\/em><\/strong><\/span><span style=\"font-size: 12pt;\"><em>Supuestos: la escuela ha perdido poder interpelador<\/em><\/span><\/p>\n<p><span style=\"font-size: 12pt;\"><em>Conceptos medulares:<\/em><\/span><\/p>\n<p><span style=\"font-size: 12pt;\"><em>La instituci\u00f3n escolar: <\/em><\/span><\/p>\n<ul>\n<li><span style=\"font-size: 12pt;\"><em>La escuela como espacio social<\/em><\/span><\/li>\n<li><span style=\"font-size: 12pt;\"><em>Lo pol\u00edtico en la instituci\u00f3n escolar<\/em><\/span><\/li>\n<li><span style=\"font-size: 12pt;\"><em>Lo cultural y el espacio escolar<\/em><\/span><\/li>\n<\/ul>\n<p><span style=\"font-size: 12pt;\"><em>Los horizontes pol\u00edticos pedag\u00f3gicos<\/em><\/span><\/p>\n<ul>\n<li><span style=\"font-size: 12pt;\"><em>La instituci\u00f3n escolar en distintos contextos<\/em><\/span><\/li>\n<li><span style=\"font-size: 12pt;\"><em>Releer la escuela para re escribirla<\/em><\/span><em style=\"color: inherit; font-family: inherit; font-size: inherit; text-align: center; white-space-collapse: preserve;\"><span style=\"color: #ecb013;\"><span style=\"font-size: 14pt;\">&nbsp; <\/span><\/span><\/em><em style=\"font-size: 18pt; color: #0000ff;\"><span style=\"font-size: 14pt;\">&nbsp; &nbsp;&nbsp;<\/span><\/em><\/li>\n<\/ul>\n\n\n<h2 class=\"wp-block-heading\">Documentaci\u00f3n necesaria para cursar el campo<\/h2>\n\n\n\n<div class=\"wp-block-file\"><a id=\"wp-block-file--media-54b912bd-9521-4cfd-8d5c-9beb0ccf2c52\" href=\"https:\/\/isfd101-bue.infd.edu.ar\/sitio\/wp-content\/uploads\/2024\/04\/CRONOGRAMA-Avellaneda.doc\"><strong>CRONOGRAMA<\/strong><\/a><a href=\"https:\/\/isfd101-bue.infd.edu.ar\/sitio\/wp-content\/uploads\/2024\/04\/CRONOGRAMA-Avellaneda.doc\" class=\"wp-block-file__button wp-element-button\" download aria-describedby=\"wp-block-file--media-54b912bd-9521-4cfd-8d5c-9beb0ccf2c52\">Descarga<\/a><\/div>\n\n\n\n<div class=\"wp-block-file\"><a id=\"wp-block-file--media-3c71cc00-7de9-4c57-8f4f-d18467296f9c\" href=\"https:\/\/isfd101-bue.infd.edu.ar\/sitio\/wp-content\/uploads\/2024\/04\/PLANILLA-RESUMEN-2013.doc\"><strong>PLANILLA DE RESUMEN<\/strong><\/a><a href=\"https:\/\/isfd101-bue.infd.edu.ar\/sitio\/wp-content\/uploads\/2024\/04\/PLANILLA-RESUMEN-2013.doc\" class=\"wp-block-file__button wp-element-button\" download aria-describedby=\"wp-block-file--media-3c71cc00-7de9-4c57-8f4f-d18467296f9c\">Descarga<\/a><\/div>\n\n\n\n<div class=\"wp-block-file\"><a id=\"wp-block-file--media-5c794cb1-415b-4e71-b8de-694444fe6b07\" href=\"https:\/\/isfd101-bue.infd.edu.ar\/sitio\/wp-content\/uploads\/2025\/03\/PARTE-DIARIO-2025-1.doc\"><strong>PARTE DIARIO 2025<\/strong><\/a><a href=\"https:\/\/isfd101-bue.infd.edu.ar\/sitio\/wp-content\/uploads\/2025\/03\/PARTE-DIARIO-2025-1.doc\" class=\"wp-block-file__button wp-element-button\" download aria-describedby=\"wp-block-file--media-5c794cb1-415b-4e71-b8de-694444fe6b07\">Descarga<\/a><\/div>\n\n\n\n<div class=\"wp-block-file\"><a id=\"wp-block-file--media-45e4eaf1-7277-4b19-91c6-e8f3e9ad096a\" href=\"https:\/\/isfd101-bue.infd.edu.ar\/sitio\/wp-content\/uploads\/2024\/04\/GUIA_DE_OBSERVACION.docx\"><strong>GUIA DE OBSERVACION<\/strong><\/a><a href=\"https:\/\/isfd101-bue.infd.edu.ar\/sitio\/wp-content\/uploads\/2024\/04\/GUIA_DE_OBSERVACION.docx\" class=\"wp-block-file__button wp-element-button\" download aria-describedby=\"wp-block-file--media-45e4eaf1-7277-4b19-91c6-e8f3e9ad096a\">Descarga<\/a><\/div>\n\n\n\n<div class=\"wp-block-file\"><a id=\"wp-block-file--media-3663c296-a886-471c-8ba4-506ce021494d\" href=\"https:\/\/isfd101-bue.infd.edu.ar\/sitio\/wp-content\/uploads\/2024\/04\/DIAGNOSTICO-INSTITUCIONAL.docx\"><strong>DIAGNOSTICO INSTITUCIONAL<\/strong><\/a><a href=\"https:\/\/isfd101-bue.infd.edu.ar\/sitio\/wp-content\/uploads\/2024\/04\/DIAGNOSTICO-INSTITUCIONAL.docx\" class=\"wp-block-file__button wp-element-button\" download aria-describedby=\"wp-block-file--media-3663c296-a886-471c-8ba4-506ce021494d\">Descarga<\/a><\/div>\n\n\n\n<div class=\"wp-block-file\"><a id=\"wp-block-file--media-1f68af74-7ac4-43b5-adcd-88b7cdeb8b34\" href=\"https:\/\/isfd101-bue.infd.edu.ar\/sitio\/wp-content\/uploads\/2024\/04\/SECUENCIACION-INICIAL-CAMPO-2-2024-1.docx\"><strong>SECUENCIACION INICIAL-CAMPO 2-2025<\/strong><\/a><a href=\"https:\/\/isfd101-bue.infd.edu.ar\/sitio\/wp-content\/uploads\/2024\/04\/SECUENCIACION-INICIAL-CAMPO-2-2024-1.docx\" class=\"wp-block-file__button wp-element-button\" download aria-describedby=\"wp-block-file--media-1f68af74-7ac4-43b5-adcd-88b7cdeb8b34\"><\/a><\/div>\n\n\n\n<div class=\"wp-block-file\"><a id=\"wp-block-file--media-32e527f4-3fe6-4bdb-974e-2019184a2a60\" href=\"https:\/\/isfd101-bue.infd.edu.ar\/sitio\/wp-content\/uploads\/2024\/05\/PLAN-DE-CLASE-N.P-CAMPO-2-2024-2.docx\"><strong>PLAN DE CLASE-N.P-CAMPO-2-2025<\/strong><\/a><a href=\"https:\/\/isfd101-bue.infd.edu.ar\/sitio\/wp-content\/uploads\/2024\/05\/PLAN-DE-CLASE-N.P-CAMPO-2-2024-2.docx\" class=\"wp-block-file__button wp-element-button\" download aria-describedby=\"wp-block-file--media-32e527f4-3fe6-4bdb-974e-2019184a2a60\"><\/a><\/div>\n\n\n\n<div class=\"wp-block-file\"><a id=\"wp-block-file--media-99914a64-07b1-4213-b852-cd023f6c69e7\" href=\"https:\/\/isfd101-bue.infd.edu.ar\/sitio\/wp-content\/uploads\/2024\/04\/CUADRO-SINTESIS-DISEN\u0303O-NIVEL-INICIAL-CAMPO-2024-2.docx\"><strong>CUADRO-SINTESIS-DISEN\u0303O-NIVEL-INICIAL-CAMPO-2024-2<\/strong><\/a><a href=\"https:\/\/isfd101-bue.infd.edu.ar\/sitio\/wp-content\/uploads\/2024\/04\/CUADRO-SINTESIS-DISEN\u0303O-NIVEL-INICIAL-CAMPO-2024-2.docx\" class=\"wp-block-file__button wp-element-button\" download aria-describedby=\"wp-block-file--media-99914a64-07b1-4213-b852-cd023f6c69e7\"><\/a><\/div>\n\n\n\n<div class=\"wp-block-file\"><a id=\"wp-block-file--media-3c57ebf3-0481-4477-a259-8d42f0a1a384\" href=\"https:\/\/isfd101-bue.infd.edu.ar\/sitio\/wp-content\/uploads\/2024\/04\/REGLAMENTO_CAMPO_2-2024-FINAL-1-2.docx\"><strong>REGLAMENTO CAMPO 2-2025<\/strong><\/a><a href=\"https:\/\/isfd101-bue.infd.edu.ar\/sitio\/wp-content\/uploads\/2024\/04\/REGLAMENTO_CAMPO_2-2024-FINAL-1-2.docx\" class=\"wp-block-file__button wp-element-button\" download aria-describedby=\"wp-block-file--media-3c57ebf3-0481-4477-a259-8d42f0a1a384\"><\/a><\/div>\n","protected":false},"excerpt":{"rendered":"<p>Campo de la Pr\u00e1ctica Docente II &nbsp;Supuestos: la escuela ha perdido poder interpelador Conceptos medulares: La instituci\u00f3n escolar: La escuela como espacio social Lo pol\u00edtico en la instituci\u00f3n escolar Lo cultural y el espacio escolar Los horizontes pol\u00edticos pedag\u00f3gicos La instituci\u00f3n escolar en distintos contextos Releer la escuela para re escribirla&nbsp; &nbsp; &nbsp;&nbsp; Documentaci\u00f3n necesaria &#8230; <a title=\"Segundo a\u00f1o\" class=\"read-more\" href=\"https:\/\/isfd101-bue.infd.edu.ar\/sitio\/segundo-ano\/\" aria-label=\"More on Segundo a\u00f1o\">[+]<\/a><\/p>\n","protected":false},"author":2152,"featured_media":0,"parent":0,"menu_order":0,"comment_status":"closed","ping_status":"closed","template":"","meta":[],"acf":[],"_links":{"self":[{"href":"https:\/\/isfd101-bue.infd.edu.ar\/sitio\/wp-json\/wp\/v2\/pages\/1136"}],"collection":[{"href":"https:\/\/isfd101-bue.infd.edu.ar\/sitio\/wp-json\/wp\/v2\/pages"}],"about":[{"href":"https:\/\/isfd101-bue.infd.edu.ar\/sitio\/wp-json\/wp\/v2\/types\/page"}],"author":[{"embeddable":true,"href":"https:\/\/isfd101-bue.infd.edu.ar\/sitio\/wp-json\/wp\/v2\/users\/2152"}],"replies":[{"embeddable":true,"href":"https:\/\/isfd101-bue.infd.edu.ar\/sitio\/wp-json\/wp\/v2\/comments?post=1136"}],"version-history":[{"count":25,"href":"https:\/\/isfd101-bue.infd.edu.ar\/sitio\/wp-json\/wp\/v2\/pages\/1136\/revisions"}],"predecessor-version":[{"id":2562,"href":"https:\/\/isfd101-bue.infd.edu.ar\/sitio\/wp-json\/wp\/v2\/pages\/1136\/revisions\/2562"}],"wp:attachment":[{"href":"https:\/\/isfd101-bue.infd.edu.ar\/sitio\/wp-json\/wp\/v2\/media?parent=1136"}],"curies":[{"name":"wp","href":"https:\/\/api.w.org\/{rel}","templated":true}]}}