{"id":1138,"date":"2018-08-29T22:07:35","date_gmt":"2018-08-30T01:07:35","guid":{"rendered":"https:\/\/isfd101-bue.infd.edu.ar\/sitio\/tercer-ano\/"},"modified":"2025-10-27T10:05:44","modified_gmt":"2025-10-27T13:05:44","slug":"tercer-ano","status":"publish","type":"page","link":"https:\/\/isfd101-bue.infd.edu.ar\/sitio\/tercer-ano\/","title":{"rendered":"Tercer a\u00f1o"},"content":{"rendered":"<p style=\"text-align: center;\"><span style=\"color: #000000;\"><strong><span style=\"font-size: 14pt;\">Campo de la Pr\u00e1ctica Docente III<\/span><\/strong><\/span><\/p>\n<p><span style=\"color: #000000;\"><strong>\u00a0<\/strong><\/span><\/p>\n<p><span style=\"font-size: 12pt; color: #000000;\"><strong>Supuestos<\/strong>: la Educaci\u00f3n se ha desvinculado de la vida<\/span><\/p>\n<p><span style=\"font-size: 12pt; color: #000000;\">Conceptos medulares:<\/span><\/p>\n<p><span style=\"font-size: 12pt; color: #000000;\">El aula como espacio social y cultural.<\/span><\/p>\n<ul>\n<li><span style=\"font-size: 12pt; color: #000000;\">La ense\u00f1anza como un fen\u00f3meno complejo<\/span><\/li>\n<li><span style=\"font-size: 12pt; color: #000000;\">La intervenci\u00f3n did\u00e1ctica en las pr\u00e1cticas \u00e1ulicas<\/span><\/li>\n<\/ul>\n<p><span style=\"font-size: 12pt; color: #000000;\">Los horizontes pol\u00edticos pedag\u00f3gicos<\/span><\/p>\n<ul>\n<li><span style=\"font-size: 12pt; color: #000000;\">El aula como espacio de circulaci\u00f3n de saberes y producci\u00f3n de conocimientos<\/span><\/li>\n<li><span style=\"font-size: 12pt; color: #000000;\">An\u00e1lisis de las pr\u00e1cticas dominantes<\/span><\/li>\n<li><span style=\"font-size: 12pt; color: #000000;\">La pr\u00e1ctica como objeto de transformaci\u00f3n<\/span><\/li>\n<\/ul>\n<p style=\"text-align: center;\">\n<p style=\"text-align: center;\">\n<h5 style=\"text-align: center;\"><em><strong><a href=\"https:\/\/isfd101-bue.infd.edu.ar\/sitio\/wp-content\/uploads\/2024\/04\/REGLAMENTO-CAMPO-3-2024-FINAL-1.docx\">REGLAMENTO CAMPO 3-2025<\/a><\/strong><\/em><\/h5>\n<h5 style=\"text-align: center;\"><em><a href=\"https:\/\/isfd101-bue.infd.edu.ar\/sitio\/wp-content\/uploads\/2024\/04\/DIAGNOSTICO-INSTITUCIONAL.docx\"><strong>DIAGNOSTICO-INSTITUCIONAL<\/strong><\/a><\/em><\/h5>\n<h5 style=\"text-align: center;\"><em><a href=\"https:\/\/isfd101-bue.infd.edu.ar\/sitio\/wp-content\/uploads\/2024\/04\/GUIA_DE_OBSERVACION.docx\"><strong>GUIA_DE_OBSERVACION<\/strong><\/a><\/em><\/h5>\n<h5 style=\"text-align: center;\"><em><strong><span style=\"color: #e59c19;\"><span style=\"font-size: 14pt;\"><a title=\"Cronograma de Pr\u00e1ctica\" href=\"https:\/\/isfd101-bue.infd.edu.ar\/sitio\/wp-content\/uploads\/2023\/06\/CRONOGRAMA-Avellaneda_1.doc\" target=\"_blank\" rel=\"noopener\">Cronograma de Pr\u00e1ctica Docente<\/a><\/span><\/span><\/strong><\/em><\/h5>\n<h5 style=\"text-align: center;\"><em><strong><span style=\"color: #e59c19;\"><span style=\"font-size: 14pt;\"><a title=\"Planilla resumen\" href=\"upload\/PLANILLA%20RESUMEN%202013_1.doc\" target=\"_blank\" rel=\"noopener\">Planilla resumen de Pr\u00e1ctica Docente<\/a><\/span><\/span><\/strong><\/em><\/h5>\n<h5 style=\"text-align: center;\"><strong><em><a href=\"https:\/\/isfd101-bue.infd.edu.ar\/sitio\/wp-content\/uploads\/2024\/04\/Unidad-dida\u0301ctica-CAMPO-3-INICIAL-2024.docx\">Unidad-dida\u0301ctica- CAMPO 3-INICIAL 2025<\/a><\/em><\/strong><\/h5>\n<h5 style=\"text-align: center;\"><em><strong><a href=\"https:\/\/isfd101-bue.infd.edu.ar\/sitio\/wp-content\/uploads\/2025\/10\/Secuenciacion-campo-3-2026-INICIAL.docx\">Secuenciaci\u00f3n campo 3-2026 INICIAL<\/a><\/strong><\/em><\/h5>\n<h5 style=\"text-align: center;\"><em><strong><a href=\"https:\/\/isfd101-bue.infd.edu.ar\/sitio\/wp-content\/uploads\/2024\/04\/UNIDAD-DIDACTICA-CAMPO-3-2024.docx\">UNIDAD DIDACTICA-CAMPO 3 PRIMARIA-2025<\/a><\/strong><\/em><\/h5>\n<h5 style=\"text-align: center;\"><strong><em><a href=\"https:\/\/isfd101-bue.infd.edu.ar\/sitio\/wp-content\/uploads\/2025\/10\/SECUENCIACION-CAMPO-3-2026-PRIMARIA-8.docx\">SECUENCIACION CAMPO 3-2026 PRIMARIA <\/a><\/em><\/strong><\/h5>\n<h5 style=\"text-align: center;\"><em><strong><a href=\"https:\/\/isfd101-bue.infd.edu.ar\/sitio\/wp-content\/uploads\/2024\/04\/CUADRO-SINTESIS-DISEN\u0303O-NIVEL-INICIAL-CAMPO-2024-2.docx\">CUADRO-SINTESIS-DISEN\u0303O-NIVEL INICIAL-CAMPO-2024<\/a><\/strong><\/em><\/h5>\n<h5 style=\"text-align: center;\"><strong><em><a href=\"https:\/\/isfd101-bue.infd.edu.ar\/sitio\/wp-content\/uploads\/2025\/03\/PARTE-DIARIO-2025.doc\">PARTE DIARIO 2025<\/a><\/em><\/strong><\/h5>\n","protected":false},"excerpt":{"rendered":"<p>Campo de la Pr\u00e1ctica Docente III \u00a0 Supuestos: la Educaci\u00f3n se ha desvinculado de la vida Conceptos medulares: El aula como espacio social y cultural. La ense\u00f1anza como un fen\u00f3meno complejo La intervenci\u00f3n did\u00e1ctica en las pr\u00e1cticas \u00e1ulicas Los horizontes pol\u00edticos pedag\u00f3gicos El aula como espacio de circulaci\u00f3n de saberes y producci\u00f3n de conocimientos An\u00e1lisis &#8230; <a title=\"Tercer a\u00f1o\" class=\"read-more\" href=\"https:\/\/isfd101-bue.infd.edu.ar\/sitio\/tercer-ano\/\" aria-label=\"More on Tercer a\u00f1o\">[+]<\/a><\/p>\n","protected":false},"author":2152,"featured_media":0,"parent":0,"menu_order":0,"comment_status":"closed","ping_status":"closed","template":"","meta":[],"acf":[],"_links":{"self":[{"href":"https:\/\/isfd101-bue.infd.edu.ar\/sitio\/wp-json\/wp\/v2\/pages\/1138"}],"collection":[{"href":"https:\/\/isfd101-bue.infd.edu.ar\/sitio\/wp-json\/wp\/v2\/pages"}],"about":[{"href":"https:\/\/isfd101-bue.infd.edu.ar\/sitio\/wp-json\/wp\/v2\/types\/page"}],"author":[{"embeddable":true,"href":"https:\/\/isfd101-bue.infd.edu.ar\/sitio\/wp-json\/wp\/v2\/users\/2152"}],"replies":[{"embeddable":true,"href":"https:\/\/isfd101-bue.infd.edu.ar\/sitio\/wp-json\/wp\/v2\/comments?post=1138"}],"version-history":[{"count":26,"href":"https:\/\/isfd101-bue.infd.edu.ar\/sitio\/wp-json\/wp\/v2\/pages\/1138\/revisions"}],"predecessor-version":[{"id":2608,"href":"https:\/\/isfd101-bue.infd.edu.ar\/sitio\/wp-json\/wp\/v2\/pages\/1138\/revisions\/2608"}],"wp:attachment":[{"href":"https:\/\/isfd101-bue.infd.edu.ar\/sitio\/wp-json\/wp\/v2\/media?parent=1138"}],"curies":[{"name":"wp","href":"https:\/\/api.w.org\/{rel}","templated":true}]}}