{"id":1173,"date":"2018-08-29T22:07:49","date_gmt":"2018-08-30T01:07:49","guid":{"rendered":"https:\/\/isfd101-bue.infd.edu.ar\/sitio\/becas-progresar\/"},"modified":"2026-04-13T12:03:38","modified_gmt":"2026-04-13T15:03:38","slug":"becas-progresar","status":"publish","type":"page","link":"https:\/\/isfd101-bue.infd.edu.ar\/sitio\/becas-progresar\/","title":{"rendered":"PROGRESAR"},"content":{"rendered":"\n<div class=\"wp-block-file\"><object class=\"wp-block-file__embed\" data=\"https:\/\/isfd101-bue.infd.edu.ar\/sitio\/wp-content\/uploads\/2026\/04\/Brief-informativo-difusion-Programa-Becas-Progresar-2026.pdf\" type=\"application\/pdf\" style=\"width:100%;height:380px\" aria-label=\"Incrustado de <strong&gt;Informativo Programa-Becas-Progresar-2026<\/strong&gt;.\"><\/object><a id=\"wp-block-file--media-634bb866-1f90-4f51-ae21-44d227469a94\" href=\"https:\/\/isfd101-bue.infd.edu.ar\/sitio\/wp-content\/uploads\/2026\/04\/Brief-informativo-difusion-Programa-Becas-Progresar-2026.pdf\"><strong>Informativo Programa-Becas-Progresar-2026<\/strong><\/a><a href=\"https:\/\/isfd101-bue.infd.edu.ar\/sitio\/wp-content\/uploads\/2026\/04\/Brief-informativo-difusion-Programa-Becas-Progresar-2026.pdf\" class=\"wp-block-file__button wp-element-button\" download aria-describedby=\"wp-block-file--media-634bb866-1f90-4f51-ae21-44d227469a94\">Descarga<\/a><\/div>\n\n\n\n<p><\/p>\n\n\n\n<p>Estimadas\/os,<\/p>\n\n\n\n<p>Nos comunicamos para informarles sobre la apertura de la Primera Convocatoria 2026 del Programa Progresar.<\/p>\n\n\n\n<p>Las y los aspirantes a la l\u00ednea Progresar Superior podr\u00e1n inscribirse desde hoy 7 de abril hasta el 30 de abril.<\/p>\n\n\n\n<p>A continuaci\u00f3n, se detallan los puntos clave para esta etapa:<\/p>\n\n\n\n<p>Inscripci\u00f3n: Para iniciar el proceso, las y los postulantes deber\u00e1n contar con un usuario propio en Mi Argentina. Este paso es fundamental para certificar la identidad de forma directa y sin intermediarios.<\/p>\n\n\n\n<p><a href=\"https:\/\/www.argentina.gob.ar\/sites\/default\/files\/2023\/10\/reglamento_superior_1.pdf\">https:\/\/www.argentina.gob.ar\/sites\/default\/files\/2023\/10\/reglamento_superior_1.pdf<\/a><\/p>\n\n\n\n<p>Requisitos: Se mantienen vigentes las condiciones de edad e ingresos, as\u00ed como la acreditaci\u00f3n de asistencia y avance acad\u00e9mico. .<\/p>\n\n\n\n<p>Env\u00edo de archivos adjuntos:<\/p>\n\n\n\n<div class=\"wp-block-file\"><object class=\"wp-block-file__embed\" data=\"https:\/\/isfd101-bue.infd.edu.ar\/sitio\/wp-content\/uploads\/2026\/04\/Instructivo-de-inscripcion.pdf\" type=\"application\/pdf\" style=\"width:100%;height:210px\" aria-label=\"Incrustado de <strong&gt;Instructivo de inscripcion<\/strong&gt;.\"><\/object><a id=\"wp-block-file--media-f880b251-7294-4acb-b6f0-15b23f5ac0a9\" href=\"https:\/\/isfd101-bue.infd.edu.ar\/sitio\/wp-content\/uploads\/2026\/04\/Instructivo-de-inscripcion.pdf\"><strong>Instructivo de inscripcion<\/strong><\/a><a href=\"https:\/\/isfd101-bue.infd.edu.ar\/sitio\/wp-content\/uploads\/2026\/04\/Instructivo-de-inscripcion.pdf\" class=\"wp-block-file__button wp-element-button\" download aria-describedby=\"wp-block-file--media-f880b251-7294-4acb-b6f0-15b23f5ac0a9\">Descarga<\/a><\/div>\n\n\n\n<p>*Instructivo para estudiantes sobre el uso de la nueva plataforma.<\/p>\n\n\n\n<p>*Reglamento 2026.<\/p>\n\n\n\n<div class=\"wp-block-file\"><object class=\"wp-block-file__embed\" data=\"https:\/\/isfd101-bue.infd.edu.ar\/sitio\/wp-content\/uploads\/2026\/04\/Reglamento-Becas-Progresar-2026.pdf\" type=\"application\/pdf\" style=\"width:100%;height:200px\" aria-label=\"Incrustado de <strong&gt;Reglamento Becas Progresar 2026<\/strong&gt;.\"><\/object><a id=\"wp-block-file--media-5977ed28-835e-482a-8218-c11b1bfe5ec7\" href=\"https:\/\/isfd101-bue.infd.edu.ar\/sitio\/wp-content\/uploads\/2026\/04\/Reglamento-Becas-Progresar-2026.pdf\"><strong>Reglamento Becas Progresar 2026<\/strong><\/a><a href=\"https:\/\/isfd101-bue.infd.edu.ar\/sitio\/wp-content\/uploads\/2026\/04\/Reglamento-Becas-Progresar-2026.pdf\" class=\"wp-block-file__button wp-element-button\" download aria-describedby=\"wp-block-file--media-5977ed28-835e-482a-8218-c11b1bfe5ec7\">Descarga<\/a><\/div>\n\n\n\n<p><\/p>\n\n\n\n<p>Agradecemos su colaboraci\u00f3n en la difusi\u00f3n de esta informaci\u00f3n.<\/p>\n\n\n\n<p>Equipo de becas<\/p>\n\n\n\n<hr class=\"wp-block-separator has-alpha-channel-opacity\"\/>\n","protected":false},"excerpt":{"rendered":"<p>Estimadas\/os, Nos comunicamos para informarles sobre la apertura de la Primera Convocatoria 2026 del Programa Progresar. Las y los aspirantes a la l\u00ednea Progresar Superior podr\u00e1n inscribirse desde hoy 7 de abril hasta el 30 de abril. A continuaci\u00f3n, se detallan los puntos clave para esta etapa: Inscripci\u00f3n: Para iniciar el proceso, las y los &#8230; <a title=\"PROGRESAR\" class=\"read-more\" href=\"https:\/\/isfd101-bue.infd.edu.ar\/sitio\/becas-progresar\/\" aria-label=\"More on PROGRESAR\">[+]<\/a><\/p>\n","protected":false},"author":2152,"featured_media":0,"parent":0,"menu_order":0,"comment_status":"closed","ping_status":"closed","template":"","meta":[],"acf":[],"_links":{"self":[{"href":"https:\/\/isfd101-bue.infd.edu.ar\/sitio\/wp-json\/wp\/v2\/pages\/1173"}],"collection":[{"href":"https:\/\/isfd101-bue.infd.edu.ar\/sitio\/wp-json\/wp\/v2\/pages"}],"about":[{"href":"https:\/\/isfd101-bue.infd.edu.ar\/sitio\/wp-json\/wp\/v2\/types\/page"}],"author":[{"embeddable":true,"href":"https:\/\/isfd101-bue.infd.edu.ar\/sitio\/wp-json\/wp\/v2\/users\/2152"}],"replies":[{"embeddable":true,"href":"https:\/\/isfd101-bue.infd.edu.ar\/sitio\/wp-json\/wp\/v2\/comments?post=1173"}],"version-history":[{"count":26,"href":"https:\/\/isfd101-bue.infd.edu.ar\/sitio\/wp-json\/wp\/v2\/pages\/1173\/revisions"}],"predecessor-version":[{"id":2687,"href":"https:\/\/isfd101-bue.infd.edu.ar\/sitio\/wp-json\/wp\/v2\/pages\/1173\/revisions\/2687"}],"wp:attachment":[{"href":"https:\/\/isfd101-bue.infd.edu.ar\/sitio\/wp-json\/wp\/v2\/media?parent=1173"}],"curies":[{"name":"wp","href":"https:\/\/api.w.org\/{rel}","templated":true}]}}