{"id":1454,"date":"2019-10-25T10:28:18","date_gmt":"2019-10-25T13:28:18","guid":{"rendered":"https:\/\/isfd101-bue.infd.edu.ar\/sitio\/?page_id=1454"},"modified":"2019-10-25T14:30:30","modified_gmt":"2019-10-25T17:30:30","slug":"nuestras-instalaciones","status":"publish","type":"page","link":"https:\/\/isfd101-bue.infd.edu.ar\/sitio\/nuestras-instalaciones\/","title":{"rendered":"INSTALACIONES"},"content":{"rendered":"<p><span style=\"color: #333333;\">En 2019 se inauguro el nuevo edificio del ISFD n\u00b0101, el mismo esta ubicado\u00a0dentro de un complejo de infraestructura deportiva municipal de alto rendimiento deportivo. En sus inmediaciones, a pocos metros, dispone\u00a0 de una pista de tartan de atletismo, canchas de f\u00fatbol y hockey de c\u00e9sped sint\u00e9tico y una pileta Ol\u00edmpica pertenecientes al DAR.<\/span><\/p>\n<p><img decoding=\"async\" loading=\"lazy\" class=\"alignnone  wp-image-1427 aligncenter\" src=\"https:\/\/isfd101-bue.infd.edu.ar\/sitio\/wp-content\/uploads\/2019\/10\/a86be6db-aa88-4f7c-85e2-8727c3d7d15a-678x381-1.jpg\" alt=\"\" width=\"575\" height=\"323\" \/><\/p>\n<p><img decoding=\"async\" loading=\"lazy\" class=\"alignnone wp-image-1392 aligncenter\" src=\"https:\/\/isfd101-bue.infd.edu.ar\/sitio\/wp-content\/uploads\/2019\/09\/nueva-imagen-1000x805.jpg\" alt=\"\" width=\"570\" height=\"459\" srcset=\"https:\/\/isfd101-bue.infd.edu.ar\/sitio\/wp-content\/uploads\/2019\/09\/nueva-imagen-1000x805.jpg 1000w, https:\/\/isfd101-bue.infd.edu.ar\/sitio\/wp-content\/uploads\/2019\/09\/nueva-imagen-768x618.jpg 768w, https:\/\/isfd101-bue.infd.edu.ar\/sitio\/wp-content\/uploads\/2019\/09\/nueva-imagen.jpg 1013w\" sizes=\"(max-width: 570px) 100vw, 570px\" \/><\/p>\n<p><img decoding=\"async\" loading=\"lazy\" class=\"alignnone  wp-image-1455 aligncenter\" src=\"https:\/\/isfd101-bue.infd.edu.ar\/sitio\/wp-content\/uploads\/2019\/10\/60151737_1942001959239298_2240897387096702976_n.jpg\" alt=\"\" width=\"568\" height=\"426\" \/><\/p>\n<p><img decoding=\"async\" loading=\"lazy\" class=\"alignnone  wp-image-1456 aligncenter\" src=\"https:\/\/isfd101-bue.infd.edu.ar\/sitio\/wp-content\/uploads\/2019\/10\/60938910_2849041705320042_8313467362472886272_n.jpg\" alt=\"\" width=\"568\" height=\"426\" \/><\/p>\n<p><img decoding=\"async\" loading=\"lazy\" class=\"alignnone  wp-image-1457 aligncenter\" src=\"https:\/\/isfd101-bue.infd.edu.ar\/sitio\/wp-content\/uploads\/2019\/10\/61063308_2849041698653376_1492952459113398272_n.jpg\" alt=\"\" width=\"571\" height=\"428\" \/><\/p>\n<p><img decoding=\"async\" loading=\"lazy\" class=\"alignnone  wp-image-1458 aligncenter\" src=\"https:\/\/isfd101-bue.infd.edu.ar\/sitio\/wp-content\/uploads\/2019\/10\/61354449_2849041945320018_2890625926373048320_n.jpg\" alt=\"\" width=\"571\" height=\"428\" \/><\/p>\n<p><img decoding=\"async\" loading=\"lazy\" class=\"alignnone  wp-image-1459 aligncenter\" src=\"https:\/\/isfd101-bue.infd.edu.ar\/sitio\/wp-content\/uploads\/2019\/10\/71709725_2955519454672266_6283824397165789184_n.jpg\" alt=\"\" width=\"572\" height=\"429\" srcset=\"https:\/\/isfd101-bue.infd.edu.ar\/sitio\/wp-content\/uploads\/2019\/10\/71709725_2955519454672266_6283824397165789184_n.jpg 960w, https:\/\/isfd101-bue.infd.edu.ar\/sitio\/wp-content\/uploads\/2019\/10\/71709725_2955519454672266_6283824397165789184_n-768x576.jpg 768w\" sizes=\"(max-width: 572px) 100vw, 572px\" \/><\/p>\n<p><img decoding=\"async\" loading=\"lazy\" class=\"alignnone  wp-image-1460 aligncenter\" src=\"https:\/\/isfd101-bue.infd.edu.ar\/sitio\/wp-content\/uploads\/2019\/10\/72602803_2976397419251136_7230203325394714624_n.jpg\" alt=\"\" width=\"572\" height=\"429\" srcset=\"https:\/\/isfd101-bue.infd.edu.ar\/sitio\/wp-content\/uploads\/2019\/10\/72602803_2976397419251136_7230203325394714624_n.jpg 960w, https:\/\/isfd101-bue.infd.edu.ar\/sitio\/wp-content\/uploads\/2019\/10\/72602803_2976397419251136_7230203325394714624_n-768x576.jpg 768w\" sizes=\"(max-width: 572px) 100vw, 572px\" \/><\/p>\n<p><img decoding=\"async\" loading=\"lazy\" class=\"alignnone  wp-image-1461 aligncenter\" src=\"https:\/\/isfd101-bue.infd.edu.ar\/sitio\/wp-content\/uploads\/2019\/10\/73138142_2976397499251128_374122716980051968_n.jpg\" alt=\"\" width=\"568\" height=\"426\" srcset=\"https:\/\/isfd101-bue.infd.edu.ar\/sitio\/wp-content\/uploads\/2019\/10\/73138142_2976397499251128_374122716980051968_n.jpg 960w, https:\/\/isfd101-bue.infd.edu.ar\/sitio\/wp-content\/uploads\/2019\/10\/73138142_2976397499251128_374122716980051968_n-768x576.jpg 768w\" sizes=\"(max-width: 568px) 100vw, 568px\" \/><\/p>\n<p><img decoding=\"async\" loading=\"lazy\" class=\"alignnone  wp-image-1462 aligncenter\" src=\"https:\/\/isfd101-bue.infd.edu.ar\/sitio\/wp-content\/uploads\/2019\/10\/73296311_2976397522584459_1928405359165177856_n.jpg\" alt=\"\" width=\"569\" height=\"427\" srcset=\"https:\/\/isfd101-bue.infd.edu.ar\/sitio\/wp-content\/uploads\/2019\/10\/73296311_2976397522584459_1928405359165177856_n.jpg 960w, https:\/\/isfd101-bue.infd.edu.ar\/sitio\/wp-content\/uploads\/2019\/10\/73296311_2976397522584459_1928405359165177856_n-768x576.jpg 768w\" sizes=\"(max-width: 569px) 100vw, 569px\" \/><\/p>\n<p><img decoding=\"async\" loading=\"lazy\" class=\"alignnone  wp-image-1463 aligncenter\" src=\"https:\/\/isfd101-bue.infd.edu.ar\/sitio\/wp-content\/uploads\/2019\/10\/73515688_2976397382584473_2154059169915731968_n.jpg\" alt=\"\" width=\"567\" height=\"426\" srcset=\"https:\/\/isfd101-bue.infd.edu.ar\/sitio\/wp-content\/uploads\/2019\/10\/73515688_2976397382584473_2154059169915731968_n.jpg 960w, https:\/\/isfd101-bue.infd.edu.ar\/sitio\/wp-content\/uploads\/2019\/10\/73515688_2976397382584473_2154059169915731968_n-768x576.jpg 768w\" sizes=\"(max-width: 567px) 100vw, 567px\" \/><\/p>\n","protected":false},"excerpt":{"rendered":"<p>En 2019 se inauguro el nuevo edificio del ISFD n\u00b0101, el mismo esta ubicado\u00a0dentro de un complejo de infraestructura deportiva municipal de alto rendimiento deportivo. En sus inmediaciones, a pocos metros, dispone\u00a0 de una pista de tartan de atletismo, canchas de f\u00fatbol y hockey de c\u00e9sped sint\u00e9tico y una pileta Ol\u00edmpica pertenecientes al DAR.<\/p>\n","protected":false},"author":2182,"featured_media":0,"parent":0,"menu_order":0,"comment_status":"closed","ping_status":"closed","template":"","meta":[],"acf":[],"_links":{"self":[{"href":"https:\/\/isfd101-bue.infd.edu.ar\/sitio\/wp-json\/wp\/v2\/pages\/1454"}],"collection":[{"href":"https:\/\/isfd101-bue.infd.edu.ar\/sitio\/wp-json\/wp\/v2\/pages"}],"about":[{"href":"https:\/\/isfd101-bue.infd.edu.ar\/sitio\/wp-json\/wp\/v2\/types\/page"}],"author":[{"embeddable":true,"href":"https:\/\/isfd101-bue.infd.edu.ar\/sitio\/wp-json\/wp\/v2\/users\/2182"}],"replies":[{"embeddable":true,"href":"https:\/\/isfd101-bue.infd.edu.ar\/sitio\/wp-json\/wp\/v2\/comments?post=1454"}],"version-history":[{"count":4,"href":"https:\/\/isfd101-bue.infd.edu.ar\/sitio\/wp-json\/wp\/v2\/pages\/1454\/revisions"}],"predecessor-version":[{"id":1471,"href":"https:\/\/isfd101-bue.infd.edu.ar\/sitio\/wp-json\/wp\/v2\/pages\/1454\/revisions\/1471"}],"wp:attachment":[{"href":"https:\/\/isfd101-bue.infd.edu.ar\/sitio\/wp-json\/wp\/v2\/media?parent=1454"}],"curies":[{"name":"wp","href":"https:\/\/api.w.org\/{rel}","templated":true}]}}