{"id":1510,"date":"2020-03-06T14:24:37","date_gmt":"2020-03-06T17:24:37","guid":{"rendered":"https:\/\/isfd101-bue.infd.edu.ar\/sitio\/?page_id=1510"},"modified":"2026-04-15T12:19:19","modified_gmt":"2026-04-15T15:19:19","slug":"planillas-administrativas","status":"publish","type":"page","link":"https:\/\/isfd101-bue.infd.edu.ar\/sitio\/planillas-administrativas\/","title":{"rendered":"Documentos y Procedimientos administrativos"},"content":{"rendered":"\n<h4 class=\"wp-block-heading\">&nbsp;<\/h4>\n\n\n\n<h4 class=\"wp-block-heading\"><em><strong>Matriculaci\u00f3n<\/strong><\/em><\/h4>\n\n\n\n<div class=\"wp-block-file\"><a id=\"wp-block-file--media-a0070164-77e2-425a-96e2-6a80567b0cbe\" href=\"https:\/\/isfd101-bue.infd.edu.ar\/sitio\/wp-content\/uploads\/2026\/03\/FORMULARIO-MATRICULACION-2026.doc\">FORMULARIO-MATRICULACION-2026<\/a><a href=\"https:\/\/isfd101-bue.infd.edu.ar\/sitio\/wp-content\/uploads\/2026\/03\/FORMULARIO-MATRICULACION-2026.doc\" class=\"wp-block-file__button wp-element-button\" download aria-describedby=\"wp-block-file--media-a0070164-77e2-425a-96e2-6a80567b0cbe\">Descarga<\/a><\/div>\n\n\n\n<div class=\"wp-block-file\"><a id=\"wp-block-file--media-fd14bba8-f76c-44ea-a942-d1df0da95d72\" href=\"https:\/\/isfd101-bue.infd.edu.ar\/sitio\/wp-content\/uploads\/2024\/03\/FICHA-DE-DATOS-1.docx\"><strong>FICHA DE DATOS<\/strong><\/a><a href=\"https:\/\/isfd101-bue.infd.edu.ar\/sitio\/wp-content\/uploads\/2024\/03\/FICHA-DE-DATOS-1.docx\" class=\"wp-block-file__button wp-element-button\" download aria-describedby=\"wp-block-file--media-fd14bba8-f76c-44ea-a942-d1df0da95d72\">Descarga<\/a><\/div>\n\n\n\n<div class=\"wp-block-file\"><a id=\"wp-block-file--media-7dedfb6e-205e-456f-8ebd-ee442aa6acda\" href=\"https:\/\/isfd101-bue.infd.edu.ar\/sitio\/wp-content\/uploads\/2024\/03\/FORMULARIO-CAMBIO-DE-TURNO-1.docx\"><strong>FORMULARIO CAMBIO DE TURNO<\/strong><\/a><a href=\"https:\/\/isfd101-bue.infd.edu.ar\/sitio\/wp-content\/uploads\/2024\/03\/FORMULARIO-CAMBIO-DE-TURNO-1.docx\" class=\"wp-block-file__button wp-element-button\" download aria-describedby=\"wp-block-file--media-7dedfb6e-205e-456f-8ebd-ee442aa6acda\">Descarga<\/a><\/div>\n\n\n\n<div class=\"wp-block-file\"><a id=\"wp-block-file--media-6dd9b3bb-e689-4dde-886f-b3158e464a19\" href=\"https:\/\/isfd101-bue.infd.edu.ar\/sitio\/wp-content\/uploads\/2024\/03\/FORMULARIO-DE-RENUNCIA-A-CURSADA-APROBADA-1.docx\"><strong>FORMULARIO DE RENUNCIA A CURSADA APROBADA<\/strong><\/a><a href=\"https:\/\/isfd101-bue.infd.edu.ar\/sitio\/wp-content\/uploads\/2024\/03\/FORMULARIO-DE-RENUNCIA-A-CURSADA-APROBADA-1.docx\" class=\"wp-block-file__button wp-element-button\" download aria-describedby=\"wp-block-file--media-6dd9b3bb-e689-4dde-886f-b3158e464a19\">Descarga<\/a><\/div>\n\n\n\n<hr class=\"wp-block-separator has-alpha-channel-opacity\"\/>\n\n\n\n<h4 class=\"wp-block-heading\"><strong><em>Constancias<\/em><\/strong><\/h4>\n\n\n\n<p><span style=\"color: #808080;\"><strong><a style=\"color: #808080;\" href=\"https:\/\/isfd101-bue.infd.edu.ar\/sitio\/wp-content\/uploads\/2020\/08\/Constancia-titulo-en-tramite.docx\">CONSTANCIA DE TITULO EN TRAMITE&nbsp;<\/a><\/strong><\/span><\/p>\n\n\n\n<p>Deber\u00e1n solicitarlas por mail a&nbsp;<a href=\"mailto:isfd101@yahoo.com.ar\">isfd101@yahoo.com.ar<\/a>&nbsp;indicando en ASUNTO:<strong>&nbsp;T\u00edtulo en Tr\u00e1mite<\/strong>, en el cuerpo del mail: Nombre y Apellido completo, DNI y a\u00f1o de ingreso a la carrera y adjuntando foto del DNI (frente y dorso).<\/p>\n\n\n\n<p>Para el resto de las constancias el tr\u00e1mite ser\u00e1 de car\u00e1cter presencial, colocando la planilla correspondiente  (cumplimentada con los datos personales del interesado) en el lugar destinado para tal fin. La misma ser\u00e1 firmada por una autoridad dentro de las 48hs de solicitada<\/p>\n\n\n\n<p><span style=\"color: #808080;\"><strong><a style=\"color: #808080;\" href=\"https:\/\/isfd101-bue.infd.edu.ar\/sitio\/wp-content\/uploads\/2020\/08\/CONSTANCIA-DE-ALUMNO-REGULAR-1.docx\">CONSTANCIA DE ALUMNO REGULAR<\/a><\/strong><\/span><\/p>\n\n\n\n<div class=\"wp-block-file\"><a id=\"wp-block-file--media-19245fa1-be80-4a7e-97f4-c834febb2e31\" href=\"https:\/\/isfd101-bue.infd.edu.ar\/sitio\/wp-content\/uploads\/2025\/06\/Constancia-porcentaje-materias-aprobadas.docx\"><strong>Constancia porcentaje materias aprobadas<\/strong><\/a><a href=\"https:\/\/isfd101-bue.infd.edu.ar\/sitio\/wp-content\/uploads\/2025\/06\/Constancia-porcentaje-materias-aprobadas.docx\" class=\"wp-block-file__button wp-element-button\" download aria-describedby=\"wp-block-file--media-19245fa1-be80-4a7e-97f4-c834febb2e31\">Descarga<\/a><\/div>\n\n\n\n<div class=\"wp-block-file\"><a id=\"wp-block-file--media-e2593be9-27d4-4c0e-ac86-9e8c97479076\" href=\"https:\/\/isfd101-bue.infd.edu.ar\/sitio\/wp-content\/uploads\/2025\/06\/constancia-examen.docx\"><strong>Constancia Examen<\/strong><\/a><a href=\"https:\/\/isfd101-bue.infd.edu.ar\/sitio\/wp-content\/uploads\/2025\/06\/constancia-examen.docx\" class=\"wp-block-file__button wp-element-button\" download aria-describedby=\"wp-block-file--media-e2593be9-27d4-4c0e-ac86-9e8c97479076\">Descarga<\/a><\/div>\n\n\n\n<p><\/p>\n\n\n\n<p><strong style=\"color: #808080;\"><a style=\"color: #808080;\" href=\"https:\/\/isfd101-bue.infd.edu.ar\/sitio\/wp-content\/uploads\/2020\/08\/Constancia-asistencia-campamento_salida.docx\">CONSTANCIA ASISTENCIA A CAMPAMENTO\u00a0<\/a><\/strong><\/p>\n\n\n\n<hr class=\"wp-block-separator has-alpha-channel-opacity\"\/>\n\n\n\n<h4 class=\"wp-block-heading\"><em><strong>Pases<\/strong><\/em><\/h4>\n\n\n\n<div class=\"wp-block-file\"><a id=\"wp-block-file--media-474c882b-6963-4584-9ddf-16e7d56bc7ae\" href=\"https:\/\/isfd101-bue.infd.edu.ar\/sitio\/wp-content\/uploads\/2025\/02\/Instructivo-Pases-2025.docx\"><strong>Instructivo Pases <\/strong><\/a><a href=\"https:\/\/isfd101-bue.infd.edu.ar\/sitio\/wp-content\/uploads\/2025\/02\/Instructivo-Pases-2025.docx\" class=\"wp-block-file__button wp-element-button\" download aria-describedby=\"wp-block-file--media-474c882b-6963-4584-9ddf-16e7d56bc7ae\">Descarga<\/a><\/div>\n\n\n\n<hr class=\"wp-block-separator has-alpha-channel-opacity\"\/>\n\n\n\n<h4 class=\"wp-block-heading\"><em><strong>Equivalencias<\/strong><\/em><\/h4>\n\n\n\n<div class=\"wp-block-file\"><a id=\"wp-block-file--media-acbaa9e5-0508-4383-9867-18ca87299bd1\" href=\"https:\/\/isfd101-bue.infd.edu.ar\/sitio\/wp-content\/uploads\/2026\/03\/Instructivo-Equivalencias.docx\"><strong>Instructivo Equivalencias<\/strong><\/a><a href=\"https:\/\/isfd101-bue.infd.edu.ar\/sitio\/wp-content\/uploads\/2026\/03\/Instructivo-Equivalencias.docx\" class=\"wp-block-file__button wp-element-button\" download aria-describedby=\"wp-block-file--media-acbaa9e5-0508-4383-9867-18ca87299bd1\">Descarga<\/a><\/div>\n\n\n\n<p><strong><u>EQUIVALENCIAS PARA PRESENTAR PARA EL 101<\/u><\/strong><\/p>\n\n\n\n<p>Deber\u00e1n solicitarlas por mail a&nbsp;<a href=\"mailto:isfd101@yahoo.com.ar\">isfd101@yahoo.com.ar<\/a>&nbsp;indicando en ASUNTO:<strong>&nbsp;Solicitud de Equivalencias<\/strong>.<\/p>\n\n\n\n<p>En el cuerpo del mail: Nombre y Apellido completos, DNI y curso en el que est\u00e1 matriculado.<\/p>\n\n\n\n<p>Adjuntar: Programas, certificado de aprobaci\u00f3n correspondiente y modelos de notas disponibles en la Web del Instituto<\/p>\n\n\n\n<p><strong><u>EQUIVALENCIAS PARA PRESENTAR EN OTRA INSTITUCI\u00d3N<\/u><\/strong><\/p>\n\n\n\n<p>Deber\u00e1n solicitar los programas en Biblioteca: programasprofesorado101@gmail.com . Presentarlos impresos en Secretar\u00eda para su certificaci\u00f3n<\/p>\n\n\n\n<hr class=\"wp-block-separator has-alpha-channel-opacity\"\/>\n\n\n\n<h4 class=\"wp-block-heading\"><strong>OTROS TRAMITES ADMINISTRATIVOS<\/strong><\/h4>\n\n\n\n<p><strong><u>SOLICITUD DE VACANTES PARA 2\u00b0 A 4\u00b0 A\u00d1O<\/u><\/strong><\/p>\n\n\n\n<p>Deber\u00e1n solicitarlas por mail a&nbsp;<a href=\"mailto:isfd101@yahoo.com.ar\">isfd101@yahoo.com.ar<\/a>&nbsp;indicando en ASUNTO:&nbsp;<strong>Solicitud de Vacante<\/strong>, en el cuerpo del mail carta dirigida a las Autoridades explicando los motivos de la solicitud que incluyan nombre y apellido completos, DNI y tel\u00e9fono de contacto. En Archivo adjunto: constancia de porcentaje de materias aprobadas..<\/p>\n\n\n\n<p><strong><u>PLAN DE ESTUDIOS \/ CARGA HORARIA<\/u><\/strong><\/p>\n\n\n\n<p>Deber\u00e1n solicitarlas por mail a&nbsp;<a href=\"mailto:isfd101@yahoo.com.ar\">isfd101@yahoo.com.ar<\/a>&nbsp;indicando en ASUNTO:<strong>&nbsp;Plan de Estudios y\/o Carga horaria<\/strong>. En el cuerpo del mail nombre y apellido completos, DNI, a\u00f1o de ingreso a la carrera y lugar en donde necesita presentarlo.<\/p>\n\n\n\n<p><strong><u>CERTIFICADOS ANALITICOS<\/u><\/strong><\/p>\n\n\n\n<p>Deber\u00e1n solicitarlas por mail a&nbsp;<a href=\"mailto:isfd101@yahoo.com.ar\">isfd101@yahoo.com.ar<\/a>&nbsp;indicando en ASUNTO:<strong>&nbsp;Certificado Anal\u00edtico<\/strong>. En el cuerpo del mail nombre y apellido completos, DNI, a\u00f1o de ingreso a la carrera y lugar en donde necesita presentarlo.<\/p>\n\n\n\n<div class=\"wp-block-file\"><a href=\"https:\/\/isfd101-bue.infd.edu.ar\/sitio\/wp-content\/uploads\/2023\/02\/Instructivo-Pases-2023.docx\" class=\"wp-block-file__button wp-element-button\" download><\/a><\/div>\n\n\n\n<p><strong>SOLICITUD DE DUPLICADO DE TITULO<\/strong>, en caso de extrav\u00edo y\/o siniestro.<\/p>\n\n\n\n<p>Tramitar la exposici\u00f3n civil en l\u00ednea (<a href=\"https:\/\/www.gba.gob.ar\/registrodelaspersonas\/denuncia_por_extravio_tramite_online\">https:\/\/www.gba.gob.ar\/registrodelaspersonas\/denuncia_por_extravio_tramite_online<\/a>) o en las dependencias de la Direcci\u00f3n Provincial del Registro Provincial de las Personas, Ministerio de Gobierno de la Provincia de Buenos Aires. En dicha exposici\u00f3n, <strong>deber\u00e1 constar el n\u00famero de formulario, n\u00famero de Libro Matriz y Folio<\/strong>.<\/p>\n\n\n\n<p><strong>SOLICITUD DE SAF DE LARGO TRATAMIENTO<\/strong><\/p>\n\n\n\n<p>Para solicitar un SAF de largo tratamiento (SAF de m\u00e1s de 3 semanas) deber\u00e1 presentarse el \u00b4\u00b4Acta de SAF de largo tratamiento\u00b4\u00b4 junto con la documentaci\u00f3n respaldatoria (estudios m\u00e9dico) en preceptor\u00eda.<\/p>\n\n\n\n<div class=\"wp-block-file\"><a id=\"wp-block-file--media-80aa137b-0afe-48e1-972f-84a65b231db8\" href=\"https:\/\/isfd101-bue.infd.edu.ar\/sitio\/wp-content\/uploads\/2025\/02\/ACTA-SAF-POR-LARGO-TRATAMIENTO.docx\"><strong>ACTA SAF POR LARGO TRATAMIENTO<\/strong><\/a><a href=\"https:\/\/isfd101-bue.infd.edu.ar\/sitio\/wp-content\/uploads\/2025\/02\/ACTA-SAF-POR-LARGO-TRATAMIENTO.docx\" class=\"wp-block-file__button wp-element-button\" download aria-describedby=\"wp-block-file--media-80aa137b-0afe-48e1-972f-84a65b231db8\">Descarga<\/a><\/div>\n","protected":false},"excerpt":{"rendered":"<p>&nbsp; Matriculaci\u00f3n Constancias CONSTANCIA DE TITULO EN TRAMITE&nbsp; Deber\u00e1n solicitarlas por mail a&nbsp;isfd101@yahoo.com.ar&nbsp;indicando en ASUNTO:&nbsp;T\u00edtulo en Tr\u00e1mite, en el cuerpo del mail: Nombre y Apellido completo, DNI y a\u00f1o de ingreso a la carrera y adjuntando foto del DNI (frente y dorso). Para el resto de las constancias el tr\u00e1mite ser\u00e1 de car\u00e1cter presencial, colocando &#8230; <a title=\"Documentos y Procedimientos administrativos\" class=\"read-more\" href=\"https:\/\/isfd101-bue.infd.edu.ar\/sitio\/planillas-administrativas\/\" aria-label=\"More on Documentos y Procedimientos administrativos\">[+]<\/a><\/p>\n","protected":false},"author":2182,"featured_media":0,"parent":0,"menu_order":0,"comment_status":"closed","ping_status":"closed","template":"","meta":[],"acf":[],"_links":{"self":[{"href":"https:\/\/isfd101-bue.infd.edu.ar\/sitio\/wp-json\/wp\/v2\/pages\/1510"}],"collection":[{"href":"https:\/\/isfd101-bue.infd.edu.ar\/sitio\/wp-json\/wp\/v2\/pages"}],"about":[{"href":"https:\/\/isfd101-bue.infd.edu.ar\/sitio\/wp-json\/wp\/v2\/types\/page"}],"author":[{"embeddable":true,"href":"https:\/\/isfd101-bue.infd.edu.ar\/sitio\/wp-json\/wp\/v2\/users\/2182"}],"replies":[{"embeddable":true,"href":"https:\/\/isfd101-bue.infd.edu.ar\/sitio\/wp-json\/wp\/v2\/comments?post=1510"}],"version-history":[{"count":43,"href":"https:\/\/isfd101-bue.infd.edu.ar\/sitio\/wp-json\/wp\/v2\/pages\/1510\/revisions"}],"predecessor-version":[{"id":2693,"href":"https:\/\/isfd101-bue.infd.edu.ar\/sitio\/wp-json\/wp\/v2\/pages\/1510\/revisions\/2693"}],"wp:attachment":[{"href":"https:\/\/isfd101-bue.infd.edu.ar\/sitio\/wp-json\/wp\/v2\/media?parent=1510"}],"curies":[{"name":"wp","href":"https:\/\/api.w.org\/{rel}","templated":true}]}}