{"id":1573,"date":"2020-04-03T14:25:49","date_gmt":"2020-04-03T17:25:49","guid":{"rendered":"https:\/\/isfd101-bue.infd.edu.ar\/sitio\/?page_id=1573"},"modified":"2025-03-26T08:42:20","modified_gmt":"2025-03-26T11:42:20","slug":"clases-on-line","status":"publish","type":"page","link":"https:\/\/isfd101-bue.infd.edu.ar\/sitio\/clases-on-line\/","title":{"rendered":"PRECEPTORIA"},"content":{"rendered":"\n<p><\/p>\n\n\n\n<p>INFORMAMOS QUE POR EL MOMENTO LA PAGINA DE FACEBOOK DE PRECEPTOR\u00cdA QUEDO DESABILITADA. A PARTIR DEL D\u00cdA DE LA FECHA LA INFORMACI\u00d3N DIARIA PARA LOS ESTUDIANTE SE COMPARTIR\u00c1 A TRAV\u00c9S DEL INSTAGRAM @preceptoriadel101 Y POR ESTE MEDIO.<\/p>\n\n\n\n<p><\/p>\n","protected":false},"excerpt":{"rendered":"<p>INFORMAMOS QUE POR EL MOMENTO LA PAGINA DE FACEBOOK DE PRECEPTOR\u00cdA QUEDO DESABILITADA. A PARTIR DEL D\u00cdA DE LA FECHA LA INFORMACI\u00d3N DIARIA PARA LOS ESTUDIANTE SE COMPARTIR\u00c1 A TRAV\u00c9S DEL INSTAGRAM @preceptoriadel101 Y POR ESTE MEDIO.<\/p>\n","protected":false},"author":2182,"featured_media":0,"parent":0,"menu_order":0,"comment_status":"closed","ping_status":"closed","template":"","meta":[],"acf":[],"_links":{"self":[{"href":"https:\/\/isfd101-bue.infd.edu.ar\/sitio\/wp-json\/wp\/v2\/pages\/1573"}],"collection":[{"href":"https:\/\/isfd101-bue.infd.edu.ar\/sitio\/wp-json\/wp\/v2\/pages"}],"about":[{"href":"https:\/\/isfd101-bue.infd.edu.ar\/sitio\/wp-json\/wp\/v2\/types\/page"}],"author":[{"embeddable":true,"href":"https:\/\/isfd101-bue.infd.edu.ar\/sitio\/wp-json\/wp\/v2\/users\/2182"}],"replies":[{"embeddable":true,"href":"https:\/\/isfd101-bue.infd.edu.ar\/sitio\/wp-json\/wp\/v2\/comments?post=1573"}],"version-history":[{"count":17,"href":"https:\/\/isfd101-bue.infd.edu.ar\/sitio\/wp-json\/wp\/v2\/pages\/1573\/revisions"}],"predecessor-version":[{"id":2540,"href":"https:\/\/isfd101-bue.infd.edu.ar\/sitio\/wp-json\/wp\/v2\/pages\/1573\/revisions\/2540"}],"wp:attachment":[{"href":"https:\/\/isfd101-bue.infd.edu.ar\/sitio\/wp-json\/wp\/v2\/media?parent=1573"}],"curies":[{"name":"wp","href":"https:\/\/api.w.org\/{rel}","templated":true}]}}