{"id":318,"date":"2016-10-31T14:20:44","date_gmt":"2016-10-31T17:20:44","guid":{"rendered":"https:\/\/isfd101-bue.infd.edu.ar\/sitio\/?page_id=318"},"modified":"2026-03-14T09:02:31","modified_gmt":"2026-03-14T12:02:31","slug":"inscripcion-2","status":"publish","type":"page","link":"https:\/\/isfd101-bue.infd.edu.ar\/sitio\/inscripcion-2\/","title":{"rendered":"INGRESO 2026"},"content":{"rendered":"\n<p><em>Actualizado 14 de marzo de 2026<\/em><\/p>\n\n\n\n<h2 class=\"wp-block-heading has-text-align-center\">ATENCI\u00d3N INGRESANTES 2026<\/h2>\n\n\n\n<p><strong>A<\/strong> <strong>CONTINUACI\u00d3N SE COMPARTE UN ARCHIVO CON EL ORDEN DE M\u00c9RITO Y LAS CALIFICACIONES OBTENIDAS POR LOS INGRESANTES DE CADA UNO DE LOS GRUPOS.<\/strong><\/p>\n\n\n\n<div class=\"wp-block-file\"><a id=\"wp-block-file--media-549fe038-1d2b-43e1-8d0e-526ce5d226c5\" href=\"https:\/\/isfd101-bue.infd.edu.ar\/sitio\/wp-content\/uploads\/2026\/03\/Puntajes-ingreso-2026.xlsx\"><strong>ORDEN DE M\u00c9RITO Y PUNTAJES 2026<\/strong><\/a><a href=\"https:\/\/isfd101-bue.infd.edu.ar\/sitio\/wp-content\/uploads\/2026\/03\/Puntajes-ingreso-2026.xlsx\" class=\"wp-block-file__button wp-element-button\" download aria-describedby=\"wp-block-file--media-549fe038-1d2b-43e1-8d0e-526ce5d226c5\">Descarga<\/a><\/div>\n\n\n\n<p><\/p>\n\n\n\n<p><strong>LA MATRICULACI\u00d3N SE REALIZAR\u00c1 EL MARTES 17 DE MARZO Y LAS CLASES COMENZAR\u00c1N EL 18 EN EL HORARIO DEL CURSO SELECCIONADO. <\/strong><\/p>\n\n\n\n<p><strong>EL ORDEN DE M\u00c9RITO ESTA DIVIDIDO POR HORARIOS. SEGUN EL HORARIO ASIGNADO DEBER\u00c1N PRESENTARSE CON LA PLANILLA DE MATRICULACI\u00d3N COMPLETANDO SOLO EL ENCABEZADO DE LA MISMA, LA SELECCI\u00d3N DE MATERIAS Y CURSO SE REALIZAR\u00c1 AL MOMENTO DE MATRICULARSE.<\/strong><\/p>\n\n\n\n<div class=\"wp-block-file\"><a id=\"wp-block-file--media-9770be6d-6524-4a55-9a0e-902dca10ad3f\" href=\"https:\/\/isfd101-bue.infd.edu.ar\/sitio\/wp-content\/uploads\/2026\/03\/FORMULARIO-MATRICULACION-2026-1.doc\"><strong>PLANILLA DE MATRICULACION 2026<\/strong><\/a><a href=\"https:\/\/isfd101-bue.infd.edu.ar\/sitio\/wp-content\/uploads\/2026\/03\/FORMULARIO-MATRICULACION-2026-1.doc\" class=\"wp-block-file__button wp-element-button\" download aria-describedby=\"wp-block-file--media-9770be6d-6524-4a55-9a0e-902dca10ad3f\">Descarga<\/a><\/div>\n\n\n\n<p><\/p>\n\n\n\n<p><strong>LES RECORDAMOS QUE DURANTE LA MATRICULACI\u00d3N DEBER\u00c1N COMPRAR LA LIBRETA DEL ESTUDIANTE Y LA REMERA INSTITUCIONAL;  Y PODR\u00c1N REALIZAR TAMBI\u00c9N EL PAGO DE COOPERADORA<\/strong><\/p>\n\n\n\n<p><strong>LIBRETA DEL ESTUDIANTE: $20000<\/strong><\/p>\n\n\n\n<p><strong>COOPERADORA MENSUAL: &amp;15000 &#8211; COOPERADORA ANUAL: $120000<\/strong><\/p>\n\n\n\n<p><strong>EL ORDEN DE M\u00c9RITO CUENTA CON UNA COLUMNA DENOMINADA \u00b4\u00b4NATACI\u00d3N\u00b4\u00b4, SI EN EL CASILLERO FIGURA \u00b4\u00b4SI\u00b4\u00b4, PODR\u00c1N MATRICULARSE EN DID\u00c1CTICA DE LAS PR\u00c1CTICAS ACU\u00c1TICAS. SI EN EL CASILLERO DICE \u00b4\u00b4NO\u00b4\u00b4, NO PODR\u00c1N MATRICULARSE EN DICHA MATERIA, AUNQUE PODR\u00c1N PARTICIPAR DE LOS ESPACIOS DE APOYO\/ACOMPA\u00d1AMIENTO PARA LOGRAR DE ESTA MANERA ADQUIRIR LAS HABILIDADES M\u00cdNIMAS NECESARIAS PARA CURSAR DICHA MATERIA<\/strong>.<\/p>\n\n\n\n<p><\/p>\n\n\n\n<hr class=\"wp-block-separator has-alpha-channel-opacity\"\/>\n\n\n\n<h2 class=\"wp-block-heading has-text-align-center\">ATENCI\u00d3N INGRESANTES 2026<\/h2>\n\n\n\n<p><strong>COMPARTIMOS LOS GRUPOS PARA REALIZAR EL ACOMPA\u00d1AMIENTO INICIAL QUE COMIENZA EL MI\u00c9RCOLES 25 DE FEBRERO.<\/strong> <\/p>\n\n\n\n<div class=\"wp-block-file\"><a id=\"wp-block-file--media-d7691f61-58b5-49ac-ac25-b330b10fe4f8\" href=\"https:\/\/isfd101-bue.infd.edu.ar\/sitio\/wp-content\/uploads\/2026\/02\/Grupos-pagina-2026.xlsx\"><strong>Grupos 2026<\/strong><\/a><a href=\"https:\/\/isfd101-bue.infd.edu.ar\/sitio\/wp-content\/uploads\/2026\/02\/Grupos-pagina-2026.xlsx\" class=\"wp-block-file__button wp-element-button\" download aria-describedby=\"wp-block-file--media-d7691f61-58b5-49ac-ac25-b330b10fe4f8\">Descarga<\/a><\/div>\n\n\n\n<p><\/p>\n\n\n\n<p><strong>REVISAR GRUPO ASIGNADO Y CHEQUEAR EN EL CRONOGRAMA LOS D\u00cdAS Y HORARIOS EN QUE CADA GRUPO DEBE PRESENTARSE<\/strong><\/p>\n\n\n\n<p><strong><u>CRONOGRAMA TENTATIVO del ACOMPA\u00d1AMIENTO INICIAL<\/u><\/strong><\/p>\n\n\n\n<figure class=\"wp-block-table\"><table><tbody><tr><td><strong>&nbsp;<\/strong><\/td><td><strong>&nbsp;<\/strong><\/td><td><strong>MI\u00c9RCOLES 25\/02<\/strong><\/td><td><strong>JUEVES 26\/02<\/strong><\/td><td><strong>VIERNES 27\/02<\/strong><\/td><\/tr><tr><td>&nbsp;<\/td><td>&nbsp;<\/td><td><strong>Jefatura de carrera &#8211; Preceptor\u00eda<\/strong> <br>8.00 Grupo 1 Y 2 <br>10.00 Grupo 3 Y 4 &nbsp; <br>13.00 Grupo 5 Y 6 &nbsp; <br>15.00 Grupo 7 y 8<\/td><td>&nbsp;<\/td><td><strong>CIPES \u2013 CEE<\/strong> <br>8.00 Grupo 7 y 8 <br>10.00 Grupo 5 y 6 <br>13.00 Grupo 3 y 4 <br>15hs Grupo 1 y 2<\/td><\/tr><tr><td><strong>LUNES 2\/03<\/strong><\/td><td><strong>MARTES 3\/03<\/strong><\/td><td><strong>MI\u00c9RCOLES 4\/03<\/strong><\/td><td><strong>JUEVES 5\/03<\/strong><\/td><td><strong>VIERNES 6\/03<\/strong><\/td><\/tr><tr><td><strong>Aptitud F\u00edsica<\/strong> &nbsp;<br> 8.00 Grupo 7 &nbsp;<br>9.00 Grupo 8 <br>10.00 Grupo 5 <br>11.00 Grupo 6 <br>13.00 Grupo 4 <br>14.00 Grupo 1 <br>15.00 Grupo 2 &nbsp;&nbsp; 16.00 Grupo 3<\/td><td><strong>Comprensi\u00f3n de textos.<\/strong> <br>8.15: Grupo 5-6-7-8&nbsp; <br>9,30: Grupo 1-2-3-4<\/td><td>&nbsp;<\/td><td><strong>Atletismo<\/strong> <strong>&nbsp;<\/strong> <br>8.00 Grupo 7 Grupo 8 Grupo 5&nbsp; Grupo 6 &nbsp; 13.00 Grupo 4 Grupo 1 Grupo 2 Grupo 3<\/td><td><strong>Habilidades Motoras&nbsp;<\/strong> <strong>&nbsp;<\/strong> <br><strong>&nbsp;<\/strong>8.00 Grupo 1 &nbsp;<br>9.00 Grupo 2 <br>10.00 Grupo 3 <br>11.00 Grupo 4 <br>13.00 Grupo 5 <br>14.00 Grupo 6 15.00 Grupo 7 &nbsp; 16.00 Grupo 8<\/td><\/tr><tr><td><strong>LUNES 9\/03<\/strong><\/td><td><strong>MARTES 10\/03<\/strong><\/td><td><strong>MI\u00c9RCOLES 11\/03<\/strong><\/td><td><strong>JUEVES 12\/03<\/strong><\/td><td><strong>VIERNES 13\/03<\/strong><\/td><\/tr><tr><td><strong>TIC<\/strong> <strong>&nbsp;<\/strong> <strong>&nbsp;<\/strong><br>9.00 Grupo 1 y 2 <br>10.30 Grupo 3 y 4 <br>12.00 Grupo 5 y 6 13.30 Grupo 7 y 8<\/td><td><strong>Anatom\u00eda<\/strong> <strong>&nbsp;<\/strong> <br>9.00: Grupo 5 y 6 <br>10.00:&nbsp; Grupo 7 y 8 <br>13.00: Grupo 1 y 2 14.00: Grupo 3 y 4<\/td><td><strong>Nataci\u00f3n<\/strong> <strong>&nbsp;<\/strong><br>8.00 Grupo 4 &nbsp;<br>9.00 Grupo 1 <br>10.00 Grupo 2 <br>11.00 Grupo 3 <br>13.00 Grupo 8 <br>14.00 Grupo 5 <br>15.00 Grupo 6 &nbsp;&nbsp; 16.00 Grupo 7<\/td><td><strong>Gimnasia<\/strong> <br>8.00 Grupo 6 y 7 <br>10.00: Grupo 8 y 5 <br>13.00: Grupo 2 y 3 <br>15.00: Grupo 4 y 1<\/td><td>&nbsp;<\/td><\/tr><\/tbody><\/table><figcaption class=\"wp-element-caption\">Atenci\u00f3n, este cronograma podr\u00eda sufrir modificaciones por cuestiones ajenas a la instituci\u00f3n, ej. clima.<\/figcaption><\/figure>\n\n\n\n<hr class=\"wp-block-separator has-alpha-channel-opacity\"\/>\n\n\n\n<h2 class=\"wp-block-heading has-text-align-center\"><strong>ATENCI\u00d3N ASPIRANTES 2026<\/strong><\/h2>\n\n\n\n<p>A continuaci\u00f3n se comparte la lista de ingresantes y la lista de espera 2026. El 23 de febrero se publicar\u00e1n los grupos para participar del acompa\u00f1amiento inicial. La grilla con los d\u00edas y horarios de participaci\u00f3n de los mismos se encuentra al final del \u00b4\u00b4Cuadernillo de acompa\u00f1amiento inicial\u00b4\u00b4. <\/p>\n\n\n\n<div class=\"wp-block-file\"><a id=\"wp-block-file--media-a9ce8747-a9a5-4f8d-9004-3ee35385fa09\" href=\"https:\/\/isfd101-bue.infd.edu.ar\/sitio\/wp-content\/uploads\/2025\/12\/Pagina.-Ingresantes-y-lista-de-espera.xlsx\"><strong>Ingresantes y lista de espera<\/strong> <strong>2026<\/strong><\/a><a href=\"https:\/\/isfd101-bue.infd.edu.ar\/sitio\/wp-content\/uploads\/2025\/12\/Pagina.-Ingresantes-y-lista-de-espera.xlsx\" class=\"wp-block-file__button wp-element-button\" download aria-describedby=\"wp-block-file--media-a9ce8747-a9a5-4f8d-9004-3ee35385fa09\">Descarga<\/a><\/div>\n\n\n\n<hr class=\"wp-block-separator has-alpha-channel-opacity\"\/>\n\n\n\n<p class=\"has-text-align-center\"><strong>Atencion!!! Se comparte el link de acceso al \u00e1rea de acompa\u00f1amiento de TICs.<\/strong><\/p>\n\n\n\n<p><a href=\"https:\/\/drive.google.com\/file\/d\/1ozYHpyhadTUfIqvXdd41S8XDLEr4Y6qR\/view?usp=drivesdk\">https:\/\/drive.google.com\/file\/d\/1ozYHpyhadTUfIqvXdd41S8XDLEr4Y6qR\/view?usp=drivesdk<\/a><\/p>\n\n\n\n<h2 class=\"wp-block-heading has-text-align-center\">ATENCI\u00d3N ASPIRANTES 2026<\/h2>\n\n\n\n<p><em>Actualizado al 4 de noviembre del 2025<\/em><\/p>\n\n\n\n<p>Las inscripciones para el INGRESO 2026 se realizar\u00e1n desde el 01\/12\/25 hasta el 22\/12\/25 en las instalaciones de la instituci\u00f3n, Av. Mitre 5000, Villa Dominico (dentro del Parque Dominico)<\/p>\n\n\n\n<p><strong>D\u00cdAS Y HORARIOS DE INSCRIPCI\u00d3N:&nbsp;<\/strong>De lunes a viernes de 9hs a 11,30hs y de 13,30hs a 16,00hs<\/p>\n\n\n\n<p>Deber\u00e1n presentar la documentaci\u00f3n que se detalla a continuaci\u00f3n sin excepci\u00f3n: (El tr\u00e1mite no es personal y puede hacerlo alguien m\u00e1s)<\/p>\n\n\n\n<ul>\n<li>DNI (original y fotocopia de ambos lados)<\/li>\n\n\n\n<li>T\u00edtulo secundario (original y fotocopia de ambos lados) o bien constancia de t\u00edtulo en tr\u00e1mite. Aquellos aspirantes que hayan finalizado sus estudios secundarios y a\u00fan no tengan su t\u00edtulo, deben presentar la Constancia de t\u00edtulo en tr\u00e1mite original (no se aceptan fotocopias) La misma debe indicar que no adeudan materias y que el titulo se encuentra en tr\u00e1mite. Los aspirantes deben estar recibidos en el Nivel Secundario al 22 de diciembre de 2025. No pueden quedar materias pendientes para febrero\/marzo.&nbsp;<\/li>\n\n\n\n<li>4 fotos actuales 4 x 4, dentro de un sobre (detr\u00e1s de cada foto poner nombre y apellido)<\/li>\n\n\n\n<li>Certificado de nacimiento (original y copia)<\/li>\n\n\n\n<li>Carpeta de tres solapas de cartulina color CELESTE (<strong>No colocar nombre, ni escribir la carpeta)<\/strong><\/li>\n\n\n\n<li><strong>Ficha de inscripci\u00f3n<\/strong> completa con letra imprenta legible y firmada por el interesado\/a.<\/li>\n\n\n\n<li><strong>Ficha m\u00e9dica<\/strong>. Completa y firmada por un m\u00e9dico. Los estudios m\u00e9dicos no deben ser presentados en la instituci\u00f3n sino al m\u00e9dico quien firmar\u00e1 la ficha indicando el \u201cApto\u201d.&nbsp;<strong>La ficha debe afirmar la condici\u00f3n de aptitud f\u00edsica, tener fecha, firma y sello.<\/strong>&nbsp;<strong>No se recibir\u00e1n fichas m\u00e9dicas incompletas.<\/strong><\/li>\n<\/ul>\n\n\n\n<div class=\"wp-block-file\"><object class=\"wp-block-file__embed\" data=\"https:\/\/isfd101-bue.infd.edu.ar\/sitio\/wp-content\/uploads\/2025\/10\/Ficha-de-inscripcion-GBA-1.pdf\" type=\"application\/pdf\" style=\"width:100%;height:200px\" aria-label=\"Incrustado de <strong&gt;Ficha de inscripcion GBA<\/strong&gt;.\"><\/object><a id=\"wp-block-file--media-0b4f84f5-7948-42a4-bee3-9f82a1b3987e\" href=\"https:\/\/isfd101-bue.infd.edu.ar\/sitio\/wp-content\/uploads\/2025\/10\/Ficha-de-inscripcion-GBA-1.pdf\"><strong>Ficha de inscripcion GBA<\/strong><\/a><a href=\"https:\/\/isfd101-bue.infd.edu.ar\/sitio\/wp-content\/uploads\/2025\/10\/Ficha-de-inscripcion-GBA-1.pdf\" class=\"wp-block-file__button wp-element-button\" download aria-describedby=\"wp-block-file--media-0b4f84f5-7948-42a4-bee3-9f82a1b3987e\">Descarga<\/a><\/div>\n\n\n\n<div class=\"wp-block-file\"><object class=\"wp-block-file__embed\" data=\"https:\/\/isfd101-bue.infd.edu.ar\/sitio\/wp-content\/uploads\/2025\/10\/Ficha-medica-ingreso-1.pdf\" type=\"application\/pdf\" style=\"width:100%;height:230px\" aria-label=\"Incrustado de <strong&gt;Ficha medica ingreso<\/strong&gt;.\"><\/object><a id=\"wp-block-file--media-a7d13528-ab9f-48af-ac9e-aac6d9e587bd\" href=\"https:\/\/isfd101-bue.infd.edu.ar\/sitio\/wp-content\/uploads\/2025\/10\/Ficha-medica-ingreso-1.pdf\"><strong>Ficha medica ingreso<\/strong><\/a><a href=\"https:\/\/isfd101-bue.infd.edu.ar\/sitio\/wp-content\/uploads\/2025\/10\/Ficha-medica-ingreso-1.pdf\" class=\"wp-block-file__button wp-element-button\" download aria-describedby=\"wp-block-file--media-a7d13528-ab9f-48af-ac9e-aac6d9e587bd\">Descarga<\/a><\/div>\n\n\n\n<p><\/p>\n\n\n\n<p><strong>LA INSCRIPCI\u00d3N NO ASEGURA LA VACANTE.<\/strong><\/p>\n\n\n\n<p>Si el n\u00famero de inscripciones excede la cantidad de vacantes disponibles, se realizar\u00e1 un sorteo. El ISFD N\u00b0101 cuenta con 380 vacantes distribuidas en los tres turnos.<\/p>\n\n\n\n<p>El d\u00eda 26\/12\/2025 se asignar\u00e1n las vacantes por sorteo de la Loter\u00eda Nacional Nocturna (21hs).<\/p>\n\n\n\n<p>La metodolog\u00eda del sorteo es a trav\u00e9s de los tres \u00faltimos n\u00fameros del DNI del aspirante, por ejemplo: si el n\u00famero sorteado en primer lugar en la loter\u00eda es&nbsp;<strong>345<\/strong>, este se considerar\u00e1 el n\u00famero de orden 1. Si el n\u00famero del aspirante X es 40.200.<strong>345<\/strong>, a este se le otorgar\u00e1 la primer vacante, y as\u00ed sucesivamente hasta completar las 380. El resto de los aspirantes quedar\u00e1n en lista de espera.<\/p>\n\n\n\n<p>Ej: Numero sorteado:&nbsp;<strong>345<\/strong>&nbsp;\u2014 40.200.<strong>345<\/strong>&nbsp;\u2014-&nbsp;<strong>N\u00b0 Orden 1<\/strong><\/p>\n\n\n\n<p>&nbsp;&nbsp;&nbsp;&nbsp;&nbsp;&nbsp;&nbsp;&nbsp;&nbsp;&nbsp;&nbsp;&nbsp;&nbsp;&nbsp;&nbsp;&nbsp;&nbsp;&nbsp;&nbsp;&nbsp;&nbsp;&nbsp;&nbsp;&nbsp;&nbsp;&nbsp;&nbsp;&nbsp;&nbsp;&nbsp;&nbsp;&nbsp;&nbsp;&nbsp;&nbsp;&nbsp;&nbsp;&nbsp;&nbsp;&nbsp;&nbsp;&nbsp;&nbsp;&nbsp;&nbsp;&nbsp; &nbsp;&nbsp; 38.235.<strong>346<\/strong>&nbsp;\u2014\u2013&nbsp;<strong>N\u00b0 Orden 2<\/strong><\/p>\n\n\n\n<p>El d\u00eda 29\/12\/2025 se publicar\u00e1 en la p\u00e1gina web el orden del sorteo con los ingresantes confirmados. Los aspirantes que no resultaron favorecidos en el sorteo conformaran la lista de espera. En caso de generarse vacantes la instituci\u00f3n se pondr\u00e1 en contacto con cada uno seg\u00fan el orden para el ofrecimiento de vacantes.<\/p>\n\n\n\n<p><strong>ACOMPA\u00d1AMIENTO &nbsp;INICIAL<\/strong><\/p>\n\n\n\n<p>Se adjunta el cuadernillo del acompa\u00f1amiento inicial, el mismo consiste en una introducci\u00f3n te\u00f3rico-pr\u00e1ctica de las distintas experiencias formativas que ofrece la instituci\u00f3n en relaci\u00f3n a la carrera. El mismo es de car\u00e1cter obligatorio para los ingresantes. Los mismos obtendr\u00e1n un puntaje por su desempe\u00f1o en el curso, el cual permitir\u00e1 generar un orden para la elecci\u00f3n del turno a la hora de la matriculaci\u00f3n.<\/p>\n\n\n\n<div class=\"wp-block-file\"><object class=\"wp-block-file__embed\" data=\"https:\/\/isfd101-bue.infd.edu.ar\/sitio\/wp-content\/uploads\/2025\/11\/CUADERNILLO-INGRESO-2026.pdf\" type=\"application\/pdf\" style=\"width:100%;height:240px\" aria-label=\"Incrustado de CUADERNILLO-INGRESO-2026.\"><\/object><a id=\"wp-block-file--media-6130094a-ebe3-4080-94eb-7a909b05d2df\" href=\"https:\/\/isfd101-bue.infd.edu.ar\/sitio\/wp-content\/uploads\/2025\/11\/CUADERNILLO-INGRESO-2026.pdf\">CUADERNILLO-INGRESO-2026<\/a><a href=\"https:\/\/isfd101-bue.infd.edu.ar\/sitio\/wp-content\/uploads\/2025\/11\/CUADERNILLO-INGRESO-2026.pdf\" class=\"wp-block-file__button wp-element-button\" download aria-describedby=\"wp-block-file--media-6130094a-ebe3-4080-94eb-7a909b05d2df\">Descarga<\/a><\/div>\n\n\n\n<hr class=\"wp-block-separator has-alpha-channel-opacity\"\/>\n\n\n\n<p><strong>Toda informaci\u00f3n referida al Ingreso se publicar\u00e1 por la p\u00e1gina web.  Se sugiere estar atento a publicaciones y novedades.<\/strong><\/p>\n\n\n\n<hr class=\"wp-block-separator has-alpha-channel-opacity\"\/>\n\n\n\n<p><strong>NOTA:<\/strong> Si inici\u00f3 la carrera en otro establecimiento, antes de inscribirse, comun\u00edquese al mail <em>isfd101@yahoo.com.ar<\/em><\/p>\n\n\n\n<hr class=\"wp-block-separator has-css-opacity\"\/>\n","protected":false},"excerpt":{"rendered":"<p>Actualizado 14 de marzo de 2026 ATENCI\u00d3N INGRESANTES 2026 A CONTINUACI\u00d3N SE COMPARTE UN ARCHIVO CON EL ORDEN DE M\u00c9RITO Y LAS CALIFICACIONES OBTENIDAS POR LOS INGRESANTES DE CADA UNO DE LOS GRUPOS. LA MATRICULACI\u00d3N SE REALIZAR\u00c1 EL MARTES 17 DE MARZO Y LAS CLASES COMENZAR\u00c1N EL 18 EN EL HORARIO DEL CURSO SELECCIONADO. EL &#8230; <a title=\"INGRESO 2026\" class=\"read-more\" href=\"https:\/\/isfd101-bue.infd.edu.ar\/sitio\/inscripcion-2\/\" aria-label=\"More on INGRESO 2026\">[+]<\/a><\/p>\n","protected":false},"author":1,"featured_media":0,"parent":0,"menu_order":0,"comment_status":"closed","ping_status":"closed","template":"","meta":[],"acf":[],"_links":{"self":[{"href":"https:\/\/isfd101-bue.infd.edu.ar\/sitio\/wp-json\/wp\/v2\/pages\/318"}],"collection":[{"href":"https:\/\/isfd101-bue.infd.edu.ar\/sitio\/wp-json\/wp\/v2\/pages"}],"about":[{"href":"https:\/\/isfd101-bue.infd.edu.ar\/sitio\/wp-json\/wp\/v2\/types\/page"}],"author":[{"embeddable":true,"href":"https:\/\/isfd101-bue.infd.edu.ar\/sitio\/wp-json\/wp\/v2\/users\/1"}],"replies":[{"embeddable":true,"href":"https:\/\/isfd101-bue.infd.edu.ar\/sitio\/wp-json\/wp\/v2\/comments?post=318"}],"version-history":[{"count":155,"href":"https:\/\/isfd101-bue.infd.edu.ar\/sitio\/wp-json\/wp\/v2\/pages\/318\/revisions"}],"predecessor-version":[{"id":2666,"href":"https:\/\/isfd101-bue.infd.edu.ar\/sitio\/wp-json\/wp\/v2\/pages\/318\/revisions\/2666"}],"wp:attachment":[{"href":"https:\/\/isfd101-bue.infd.edu.ar\/sitio\/wp-json\/wp\/v2\/media?parent=318"}],"curies":[{"name":"wp","href":"https:\/\/api.w.org\/{rel}","templated":true}]}}